{"id":1138,"date":"2023-08-17T21:24:31","date_gmt":"2023-08-18T02:24:31","guid":{"rendered":"https:\/\/pasteleriasanantonio.com\/carta-digital\/?post_type=product&#038;p=1138"},"modified":"2025-09-18T09:01:29","modified_gmt":"2025-09-18T14:01:29","slug":"panqueques-con-frutas","status":"publish","type":"product","link":"https:\/\/pasteleriasanantonio.com\/carta-digital\/producto\/panqueques-con-frutas\/","title":{"rendered":"Panqueques con Frutas"},"content":{"rendered":"","protected":false},"excerpt":{"rendered":"<p>4 panqueques, frutas (fresa, ar\u00e1ndano, y pl\u00e1tano) y topping a elecci\u00f3n (maple y mantequilla, fudge o manjar)<\/p>\n","protected":false},"featured_media":1137,"template":"","meta":{"_monsterinsights_skip_tracking":false,"_monsterinsights_sitenote_active":false,"_monsterinsights_sitenote_note":"","_monsterinsights_sitenote_category":0},"product_cat":[37],"product_tag":[],"class_list":["post-1138","product","type-product","status-publish","has-post-thumbnail","hentry","product_cat-especial-para-ninos"],"_links":{"self":[{"href":"https:\/\/pasteleriasanantonio.com\/carta-digital\/wp-json\/wp\/v2\/product\/1138"}],"collection":[{"href":"https:\/\/pasteleriasanantonio.com\/carta-digital\/wp-json\/wp\/v2\/product"}],"about":[{"href":"https:\/\/pasteleriasanantonio.com\/carta-digital\/wp-json\/wp\/v2\/types\/product"}],"wp:featuredmedia":[{"embeddable":true,"href":"https:\/\/pasteleriasanantonio.com\/carta-digital\/wp-json\/wp\/v2\/media\/1137"}],"wp:attachment":[{"href":"https:\/\/pasteleriasanantonio.com\/carta-digital\/wp-json\/wp\/v2\/media?parent=1138"}],"wp:term":[{"taxonomy":"product_cat","embeddable":true,"href":"https:\/\/pasteleriasanantonio.com\/carta-digital\/wp-json\/wp\/v2\/product_cat?post=1138"},{"taxonomy":"product_tag","embeddable":true,"href":"https:\/\/pasteleriasanantonio.com\/carta-digital\/wp-json\/wp\/v2\/product_tag?post=1138"}],"curies":[{"name":"wp","href":"https:\/\/api.w.org\/{rel}","templated":true}]}}