{"id":1240,"date":"2023-09-21T11:44:38","date_gmt":"2023-09-21T16:44:38","guid":{"rendered":"https:\/\/pasteleriasanantonio.com\/carta-digital\/?post_type=product&#038;p=1240"},"modified":"2025-09-22T23:44:41","modified_gmt":"2025-09-23T04:44:41","slug":"waffles-con-helado","status":"publish","type":"product","link":"https:\/\/pasteleriasanantonio.com\/carta-digital\/producto\/waffles-con-helado\/","title":{"rendered":"Waffles con Helado"},"content":{"rendered":"","protected":false},"excerpt":{"rendered":"<p>Waffles cl\u00e1sicos 2 unidades, 1 bola de helado cl\u00e1sico y topping a elecci\u00f3n (maple y mantequilla, fudge o manjar)<\/p>\n","protected":false},"featured_media":2792,"template":"","meta":{"_monsterinsights_skip_tracking":false,"_monsterinsights_sitenote_active":false,"_monsterinsights_sitenote_note":"","_monsterinsights_sitenote_category":0},"product_cat":[27,38],"product_tag":[],"class_list":["post-1240","product","type-product","status-publish","has-post-thumbnail","hentry","product_cat-desayunos","product_cat-waffles"],"_links":{"self":[{"href":"https:\/\/pasteleriasanantonio.com\/carta-digital\/wp-json\/wp\/v2\/product\/1240"}],"collection":[{"href":"https:\/\/pasteleriasanantonio.com\/carta-digital\/wp-json\/wp\/v2\/product"}],"about":[{"href":"https:\/\/pasteleriasanantonio.com\/carta-digital\/wp-json\/wp\/v2\/types\/product"}],"wp:featuredmedia":[{"embeddable":true,"href":"https:\/\/pasteleriasanantonio.com\/carta-digital\/wp-json\/wp\/v2\/media\/2792"}],"wp:attachment":[{"href":"https:\/\/pasteleriasanantonio.com\/carta-digital\/wp-json\/wp\/v2\/media?parent=1240"}],"wp:term":[{"taxonomy":"product_cat","embeddable":true,"href":"https:\/\/pasteleriasanantonio.com\/carta-digital\/wp-json\/wp\/v2\/product_cat?post=1240"},{"taxonomy":"product_tag","embeddable":true,"href":"https:\/\/pasteleriasanantonio.com\/carta-digital\/wp-json\/wp\/v2\/product_tag?post=1240"}],"curies":[{"name":"wp","href":"https:\/\/api.w.org\/{rel}","templated":true}]}}