{"id":146,"date":"2023-04-02T20:10:21","date_gmt":"2023-04-03T01:10:21","guid":{"rendered":"https:\/\/webpsa.online\/carta-digital\/index.php\/producto\/club-sandwich\/"},"modified":"2023-07-03T20:55:18","modified_gmt":"2023-07-04T01:55:18","slug":"club-sandwich","status":"publish","type":"product","link":"https:\/\/pasteleriasanantonio.com\/carta-digital\/producto\/club-sandwich\/","title":{"rendered":"Club S\u00e1ndwich San Antonio"},"content":{"rendered":"","protected":false},"excerpt":{"rendered":"<p>Pechuga de pollo deshilachada, tocino, jam\u00f3n ingl\u00e9s, huevo frito a la inglesa, queso edam, champi\u00f1ones cocidos en aceite oliva, tomate, mantequilla y mayonesa. Pan Miga Blanco o Integral<br \/>\nnCaliente<\/p>\n","protected":false},"featured_media":147,"template":"","meta":{"_monsterinsights_skip_tracking":false,"_monsterinsights_sitenote_active":false,"_monsterinsights_sitenote_note":"","_monsterinsights_sitenote_category":0},"product_cat":[25,26],"product_tag":[],"class_list":["post-146","product","type-product","status-publish","has-post-thumbnail","hentry","product_cat-sandwiches","product_cat-a-la-plancha"],"_links":{"self":[{"href":"https:\/\/pasteleriasanantonio.com\/carta-digital\/wp-json\/wp\/v2\/product\/146"}],"collection":[{"href":"https:\/\/pasteleriasanantonio.com\/carta-digital\/wp-json\/wp\/v2\/product"}],"about":[{"href":"https:\/\/pasteleriasanantonio.com\/carta-digital\/wp-json\/wp\/v2\/types\/product"}],"wp:featuredmedia":[{"embeddable":true,"href":"https:\/\/pasteleriasanantonio.com\/carta-digital\/wp-json\/wp\/v2\/media\/147"}],"wp:attachment":[{"href":"https:\/\/pasteleriasanantonio.com\/carta-digital\/wp-json\/wp\/v2\/media?parent=146"}],"wp:term":[{"taxonomy":"product_cat","embeddable":true,"href":"https:\/\/pasteleriasanantonio.com\/carta-digital\/wp-json\/wp\/v2\/product_cat?post=146"},{"taxonomy":"product_tag","embeddable":true,"href":"https:\/\/pasteleriasanantonio.com\/carta-digital\/wp-json\/wp\/v2\/product_tag?post=146"}],"curies":[{"name":"wp","href":"https:\/\/api.w.org\/{rel}","templated":true}]}}