{"id":2099,"date":"2024-07-10T14:54:25","date_gmt":"2024-07-10T19:54:25","guid":{"rendered":"https:\/\/pasteleriasanantonio.com\/carta-digital\/?post_type=product&#038;p=2099"},"modified":"2025-07-24T23:25:07","modified_gmt":"2025-07-25T04:25:07","slug":"avena-con-frutas","status":"publish","type":"product","link":"https:\/\/pasteleriasanantonio.com\/carta-digital\/producto\/avena-con-frutas\/","title":{"rendered":"Avena con Frutas"},"content":{"rendered":"","protected":false},"excerpt":{"rendered":"<p>Con ar\u00e1ndanos, fresas, pl\u00e1tano, semillas de ch\u00eda y miel de abejas.<\/p>\n","protected":false},"featured_media":2100,"template":"","meta":{"_monsterinsights_skip_tracking":false,"_monsterinsights_sitenote_active":false,"_monsterinsights_sitenote_note":"","_monsterinsights_sitenote_category":0},"product_cat":[27,28],"product_tag":[],"class_list":["post-2099","product","type-product","status-publish","has-post-thumbnail","hentry","product_cat-desayunos","product_cat-avenas-frutas"],"_links":{"self":[{"href":"https:\/\/pasteleriasanantonio.com\/carta-digital\/wp-json\/wp\/v2\/product\/2099"}],"collection":[{"href":"https:\/\/pasteleriasanantonio.com\/carta-digital\/wp-json\/wp\/v2\/product"}],"about":[{"href":"https:\/\/pasteleriasanantonio.com\/carta-digital\/wp-json\/wp\/v2\/types\/product"}],"wp:featuredmedia":[{"embeddable":true,"href":"https:\/\/pasteleriasanantonio.com\/carta-digital\/wp-json\/wp\/v2\/media\/2100"}],"wp:attachment":[{"href":"https:\/\/pasteleriasanantonio.com\/carta-digital\/wp-json\/wp\/v2\/media?parent=2099"}],"wp:term":[{"taxonomy":"product_cat","embeddable":true,"href":"https:\/\/pasteleriasanantonio.com\/carta-digital\/wp-json\/wp\/v2\/product_cat?post=2099"},{"taxonomy":"product_tag","embeddable":true,"href":"https:\/\/pasteleriasanantonio.com\/carta-digital\/wp-json\/wp\/v2\/product_tag?post=2099"}],"curies":[{"name":"wp","href":"https:\/\/api.w.org\/{rel}","templated":true}]}}