{"id":2111,"date":"2024-07-17T18:06:21","date_gmt":"2024-07-17T23:06:21","guid":{"rendered":"https:\/\/pasteleriasanantonio.com\/carta-digital\/?post_type=product&#038;p=2111"},"modified":"2026-03-16T10:43:23","modified_gmt":"2026-03-16T15:43:23","slug":"keke-de-platano-porcion","status":"publish","type":"product","link":"https:\/\/pasteleriasanantonio.com\/carta-digital\/producto\/keke-de-platano-porcion\/","title":{"rendered":"Keke de Pl\u00e1tano Vegano (porci\u00f3n)"},"content":{"rendered":"","protected":false},"excerpt":{"rendered":"<p>Keke de pl\u00e1tano vegano.<\/p>\n<p>Temperatura ambiente<\/p>\n","protected":false},"featured_media":2128,"template":"","meta":{"_monsterinsights_skip_tracking":false,"_monsterinsights_sitenote_active":false,"_monsterinsights_sitenote_note":"","_monsterinsights_sitenote_category":0},"product_cat":[22,23],"product_tag":[],"class_list":["post-2111","product","type-product","status-publish","has-post-thumbnail","hentry","product_cat-postres","product_cat-en-porcion"],"_links":{"self":[{"href":"https:\/\/pasteleriasanantonio.com\/carta-digital\/wp-json\/wp\/v2\/product\/2111"}],"collection":[{"href":"https:\/\/pasteleriasanantonio.com\/carta-digital\/wp-json\/wp\/v2\/product"}],"about":[{"href":"https:\/\/pasteleriasanantonio.com\/carta-digital\/wp-json\/wp\/v2\/types\/product"}],"wp:featuredmedia":[{"embeddable":true,"href":"https:\/\/pasteleriasanantonio.com\/carta-digital\/wp-json\/wp\/v2\/media\/2128"}],"wp:attachment":[{"href":"https:\/\/pasteleriasanantonio.com\/carta-digital\/wp-json\/wp\/v2\/media?parent=2111"}],"wp:term":[{"taxonomy":"product_cat","embeddable":true,"href":"https:\/\/pasteleriasanantonio.com\/carta-digital\/wp-json\/wp\/v2\/product_cat?post=2111"},{"taxonomy":"product_tag","embeddable":true,"href":"https:\/\/pasteleriasanantonio.com\/carta-digital\/wp-json\/wp\/v2\/product_tag?post=2111"}],"curies":[{"name":"wp","href":"https:\/\/api.w.org\/{rel}","templated":true}]}}