{"id":2267,"date":"2024-11-14T11:48:52","date_gmt":"2024-11-14T16:48:52","guid":{"rendered":"https:\/\/pasteleriasanantonio.com\/carta-digital\/?post_type=product&#038;p=2267"},"modified":"2025-07-24T23:25:07","modified_gmt":"2025-07-25T04:25:07","slug":"termo-box","status":"publish","type":"product","link":"https:\/\/pasteleriasanantonio.com\/carta-digital\/producto\/termo-box\/","title":{"rendered":"Termo Box"},"content":{"rendered":"","protected":false},"excerpt":{"rendered":"<p>Caf\u00e9 Americano,12 vasos, removedores, sobres de az\u00facar rubia, az\u00facar blanca, Stevia y edulcorante.<\/p>\n","protected":false},"featured_media":2268,"template":"","meta":{"_monsterinsights_skip_tracking":false,"_monsterinsights_sitenote_active":false,"_monsterinsights_sitenote_note":"","_monsterinsights_sitenote_category":0},"product_cat":[59],"product_tag":[],"class_list":["post-2267","product","type-product","status-publish","has-post-thumbnail","hentry","product_cat-bebidas-calientes"],"_links":{"self":[{"href":"https:\/\/pasteleriasanantonio.com\/carta-digital\/wp-json\/wp\/v2\/product\/2267"}],"collection":[{"href":"https:\/\/pasteleriasanantonio.com\/carta-digital\/wp-json\/wp\/v2\/product"}],"about":[{"href":"https:\/\/pasteleriasanantonio.com\/carta-digital\/wp-json\/wp\/v2\/types\/product"}],"wp:featuredmedia":[{"embeddable":true,"href":"https:\/\/pasteleriasanantonio.com\/carta-digital\/wp-json\/wp\/v2\/media\/2268"}],"wp:attachment":[{"href":"https:\/\/pasteleriasanantonio.com\/carta-digital\/wp-json\/wp\/v2\/media?parent=2267"}],"wp:term":[{"taxonomy":"product_cat","embeddable":true,"href":"https:\/\/pasteleriasanantonio.com\/carta-digital\/wp-json\/wp\/v2\/product_cat?post=2267"},{"taxonomy":"product_tag","embeddable":true,"href":"https:\/\/pasteleriasanantonio.com\/carta-digital\/wp-json\/wp\/v2\/product_tag?post=2267"}],"curies":[{"name":"wp","href":"https:\/\/api.w.org\/{rel}","templated":true}]}}