{"id":2389,"date":"2025-01-17T21:11:18","date_gmt":"2025-01-18T02:11:18","guid":{"rendered":"https:\/\/pasteleriasanantonio.com\/carta-digital\/producto\/keke-ingles-porcion\/"},"modified":"2026-03-16T10:43:05","modified_gmt":"2026-03-16T15:43:05","slug":"keke-ingles-porcion","status":"publish","type":"product","link":"https:\/\/pasteleriasanantonio.com\/carta-digital\/producto\/keke-ingles-porcion\/","title":{"rendered":"Keke Ingl\u00e9s (porci\u00f3n)"},"content":{"rendered":"","protected":false},"excerpt":{"rendered":"<p>Pasta de keke ingl\u00e9s y fruta confitada.<\/p>\n","protected":false},"featured_media":2396,"template":"","meta":{"_monsterinsights_skip_tracking":false,"_monsterinsights_sitenote_active":false,"_monsterinsights_sitenote_note":"","_monsterinsights_sitenote_category":0},"product_cat":[23],"product_tag":[],"class_list":["post-2389","product","type-product","status-publish","has-post-thumbnail","hentry","product_cat-en-porcion"],"_links":{"self":[{"href":"https:\/\/pasteleriasanantonio.com\/carta-digital\/wp-json\/wp\/v2\/product\/2389"}],"collection":[{"href":"https:\/\/pasteleriasanantonio.com\/carta-digital\/wp-json\/wp\/v2\/product"}],"about":[{"href":"https:\/\/pasteleriasanantonio.com\/carta-digital\/wp-json\/wp\/v2\/types\/product"}],"wp:featuredmedia":[{"embeddable":true,"href":"https:\/\/pasteleriasanantonio.com\/carta-digital\/wp-json\/wp\/v2\/media\/2396"}],"wp:attachment":[{"href":"https:\/\/pasteleriasanantonio.com\/carta-digital\/wp-json\/wp\/v2\/media?parent=2389"}],"wp:term":[{"taxonomy":"product_cat","embeddable":true,"href":"https:\/\/pasteleriasanantonio.com\/carta-digital\/wp-json\/wp\/v2\/product_cat?post=2389"},{"taxonomy":"product_tag","embeddable":true,"href":"https:\/\/pasteleriasanantonio.com\/carta-digital\/wp-json\/wp\/v2\/product_tag?post=2389"}],"curies":[{"name":"wp","href":"https:\/\/api.w.org\/{rel}","templated":true}]}}