{"id":264,"date":"2023-04-02T20:10:59","date_gmt":"2023-04-02T20:10:59","guid":{"rendered":"https:\/\/webpsa.online\/carta-digital\/index.php\/producto\/media-luna-masa-de-pizza\/"},"modified":"2024-03-28T09:23:18","modified_gmt":"2024-03-28T14:23:18","slug":"media-luna-masa-de-pizza","status":"publish","type":"product","link":"https:\/\/pasteleriasanantonio.com\/carta-digital\/producto\/media-luna-masa-de-pizza\/","title":{"rendered":"Media Luna (Masa de Pizza)"},"content":{"rendered":"","protected":false},"excerpt":{"rendered":"<p>Pechuga de pollo deshilachada, jam\u00f3n ingl\u00e9s, queso mozarella, gouda y parmesano, huevo duro, pimiento morr\u00f3n soasado, or\u00e9gano y mayonesa.<\/p>\n","protected":false},"featured_media":1652,"template":"","meta":{"_monsterinsights_skip_tracking":false,"_monsterinsights_sitenote_active":false,"_monsterinsights_sitenote_note":"","_monsterinsights_sitenote_category":0},"product_cat":[25,36],"product_tag":[],"class_list":["post-264","product","type-product","status-publish","has-post-thumbnail","hentry","product_cat-sandwiches","product_cat-entrepanes"],"_links":{"self":[{"href":"https:\/\/pasteleriasanantonio.com\/carta-digital\/wp-json\/wp\/v2\/product\/264"}],"collection":[{"href":"https:\/\/pasteleriasanantonio.com\/carta-digital\/wp-json\/wp\/v2\/product"}],"about":[{"href":"https:\/\/pasteleriasanantonio.com\/carta-digital\/wp-json\/wp\/v2\/types\/product"}],"wp:featuredmedia":[{"embeddable":true,"href":"https:\/\/pasteleriasanantonio.com\/carta-digital\/wp-json\/wp\/v2\/media\/1652"}],"wp:attachment":[{"href":"https:\/\/pasteleriasanantonio.com\/carta-digital\/wp-json\/wp\/v2\/media?parent=264"}],"wp:term":[{"taxonomy":"product_cat","embeddable":true,"href":"https:\/\/pasteleriasanantonio.com\/carta-digital\/wp-json\/wp\/v2\/product_cat?post=264"},{"taxonomy":"product_tag","embeddable":true,"href":"https:\/\/pasteleriasanantonio.com\/carta-digital\/wp-json\/wp\/v2\/product_tag?post=264"}],"curies":[{"name":"wp","href":"https:\/\/api.w.org\/{rel}","templated":true}]}}