{"id":2673,"date":"2025-06-18T22:52:40","date_gmt":"2025-06-19T03:52:40","guid":{"rendered":"https:\/\/pasteleriasanantonio.com\/carta-digital\/?post_type=product&#038;p=2673"},"modified":"2025-07-24T23:25:03","modified_gmt":"2025-07-25T04:25:03","slug":"pita-napoli","status":"publish","type":"product","link":"https:\/\/pasteleriasanantonio.com\/carta-digital\/producto\/pita-napoli\/","title":{"rendered":"Pita N\u00e1poli"},"content":{"rendered":"","protected":false},"excerpt":{"rendered":"<p>Pan \u00c1rabe Sash, Jam\u00f3n Ingl\u00e9s, Queso Mozarella, Queso Crema, Espinaca, Champi\u00f1ones, Albahaca, Pasta de Ajos Asados, Salsa de Tomate, Aceite de Oliva y Or\u00e9gano.<\/p>\n","protected":false},"featured_media":2674,"template":"","meta":{"_monsterinsights_skip_tracking":false,"_monsterinsights_sitenote_active":false,"_monsterinsights_sitenote_note":"","_monsterinsights_sitenote_category":0},"product_cat":[167],"product_tag":[],"class_list":["post-2673","product","type-product","status-publish","has-post-thumbnail","hentry","product_cat-pitas"],"_links":{"self":[{"href":"https:\/\/pasteleriasanantonio.com\/carta-digital\/wp-json\/wp\/v2\/product\/2673"}],"collection":[{"href":"https:\/\/pasteleriasanantonio.com\/carta-digital\/wp-json\/wp\/v2\/product"}],"about":[{"href":"https:\/\/pasteleriasanantonio.com\/carta-digital\/wp-json\/wp\/v2\/types\/product"}],"wp:featuredmedia":[{"embeddable":true,"href":"https:\/\/pasteleriasanantonio.com\/carta-digital\/wp-json\/wp\/v2\/media\/2674"}],"wp:attachment":[{"href":"https:\/\/pasteleriasanantonio.com\/carta-digital\/wp-json\/wp\/v2\/media?parent=2673"}],"wp:term":[{"taxonomy":"product_cat","embeddable":true,"href":"https:\/\/pasteleriasanantonio.com\/carta-digital\/wp-json\/wp\/v2\/product_cat?post=2673"},{"taxonomy":"product_tag","embeddable":true,"href":"https:\/\/pasteleriasanantonio.com\/carta-digital\/wp-json\/wp\/v2\/product_tag?post=2673"}],"curies":[{"name":"wp","href":"https:\/\/api.w.org\/{rel}","templated":true}]}}