{"id":2905,"date":"2025-10-30T13:50:16","date_gmt":"2025-10-30T18:50:16","guid":{"rendered":"https:\/\/pasteleriasanantonio.com\/carta-digital\/producto\/vinagreta-del-huerto\/"},"modified":"2025-10-30T23:11:58","modified_gmt":"2025-10-31T04:11:58","slug":"vinagreta-del-huerto","status":"publish","type":"product","link":"https:\/\/pasteleriasanantonio.com\/carta-digital\/producto\/vinagreta-del-huerto\/","title":{"rendered":"Vinagreta del Huerto"},"content":{"rendered":"","protected":false},"excerpt":{"rendered":"<p>Salsa a base de yogurt, pepinillo, or\u00e9gano, dill y perejil (agua, yogurt natural, mayonesa, aceite, pepinillo encurtido, mostaza, sal, az\u00facar, ajo, or\u00e9gano, dill y perejil).<\/p>\n","protected":false},"featured_media":2899,"template":"","meta":{"_monsterinsights_skip_tracking":false,"_monsterinsights_sitenote_active":false,"_monsterinsights_sitenote_note":"","_monsterinsights_sitenote_category":0},"product_cat":[184],"product_tag":[],"class_list":["post-2905","product","type-product","status-publish","has-post-thumbnail","hentry","product_cat-adicionales"],"_links":{"self":[{"href":"https:\/\/pasteleriasanantonio.com\/carta-digital\/wp-json\/wp\/v2\/product\/2905"}],"collection":[{"href":"https:\/\/pasteleriasanantonio.com\/carta-digital\/wp-json\/wp\/v2\/product"}],"about":[{"href":"https:\/\/pasteleriasanantonio.com\/carta-digital\/wp-json\/wp\/v2\/types\/product"}],"wp:featuredmedia":[{"embeddable":true,"href":"https:\/\/pasteleriasanantonio.com\/carta-digital\/wp-json\/wp\/v2\/media\/2899"}],"wp:attachment":[{"href":"https:\/\/pasteleriasanantonio.com\/carta-digital\/wp-json\/wp\/v2\/media?parent=2905"}],"wp:term":[{"taxonomy":"product_cat","embeddable":true,"href":"https:\/\/pasteleriasanantonio.com\/carta-digital\/wp-json\/wp\/v2\/product_cat?post=2905"},{"taxonomy":"product_tag","embeddable":true,"href":"https:\/\/pasteleriasanantonio.com\/carta-digital\/wp-json\/wp\/v2\/product_tag?post=2905"}],"curies":[{"name":"wp","href":"https:\/\/api.w.org\/{rel}","templated":true}]}}