{"id":298,"date":"2023-04-02T20:11:06","date_gmt":"2023-04-03T01:11:06","guid":{"rendered":"https:\/\/webpsa.online\/carta-digital\/index.php\/producto\/ciabatta-de-salmon-con-palta-ciabatta-integral\/"},"modified":"2024-03-08T00:52:33","modified_gmt":"2024-03-08T05:52:33","slug":"ciabatta-de-salmon-con-palta-ciabatta-integral","status":"publish","type":"product","link":"https:\/\/pasteleriasanantonio.com\/carta-digital\/producto\/ciabatta-de-salmon-con-palta-ciabatta-integral\/","title":{"rendered":"Ciabatta de Salm\u00f3n con Palta (Ciabatta Integral)"},"content":{"rendered":"","protected":false},"excerpt":{"rendered":"<p>Salm\u00f3n ahumado, palta, queso crema, cebolla blanca, alcaparras, lechuga crespa, lim\u00f3n y aceite de oliva.<br \/>\nRefrigerado<\/p>\n","protected":false},"featured_media":299,"template":"","meta":{"_monsterinsights_skip_tracking":false,"_monsterinsights_sitenote_active":false,"_monsterinsights_sitenote_note":"","_monsterinsights_sitenote_category":0},"product_cat":[25,36],"product_tag":[],"class_list":["post-298","product","type-product","status-publish","has-post-thumbnail","hentry","product_cat-sandwiches","product_cat-entrepanes"],"_links":{"self":[{"href":"https:\/\/pasteleriasanantonio.com\/carta-digital\/wp-json\/wp\/v2\/product\/298"}],"collection":[{"href":"https:\/\/pasteleriasanantonio.com\/carta-digital\/wp-json\/wp\/v2\/product"}],"about":[{"href":"https:\/\/pasteleriasanantonio.com\/carta-digital\/wp-json\/wp\/v2\/types\/product"}],"wp:featuredmedia":[{"embeddable":true,"href":"https:\/\/pasteleriasanantonio.com\/carta-digital\/wp-json\/wp\/v2\/media\/299"}],"wp:attachment":[{"href":"https:\/\/pasteleriasanantonio.com\/carta-digital\/wp-json\/wp\/v2\/media?parent=298"}],"wp:term":[{"taxonomy":"product_cat","embeddable":true,"href":"https:\/\/pasteleriasanantonio.com\/carta-digital\/wp-json\/wp\/v2\/product_cat?post=298"},{"taxonomy":"product_tag","embeddable":true,"href":"https:\/\/pasteleriasanantonio.com\/carta-digital\/wp-json\/wp\/v2\/product_tag?post=298"}],"curies":[{"name":"wp","href":"https:\/\/api.w.org\/{rel}","templated":true}]}}