{"id":333,"date":"2023-04-02T20:11:15","date_gmt":"2023-04-02T20:11:15","guid":{"rendered":"https:\/\/webpsa.online\/carta-digital\/index.php\/producto\/waffles-con-frutas\/"},"modified":"2025-09-18T11:18:16","modified_gmt":"2025-09-18T16:18:16","slug":"waffles-con-frutas","status":"publish","type":"product","link":"https:\/\/pasteleriasanantonio.com\/carta-digital\/producto\/waffles-con-frutas\/","title":{"rendered":"Waffles con Frutas"},"content":{"rendered":"","protected":false},"excerpt":{"rendered":"<p>2 waffles, frutas \/fresa, ar\u00e1ndanos y pl\u00e1tano) y topping a elecci\u00f3n (maple y mantequilla, fudge o manjar).<\/p>\n","protected":false},"featured_media":2785,"template":"","meta":{"_monsterinsights_skip_tracking":false,"_monsterinsights_sitenote_active":false,"_monsterinsights_sitenote_note":"","_monsterinsights_sitenote_category":0},"product_cat":[27,38],"product_tag":[],"class_list":["post-333","product","type-product","status-publish","has-post-thumbnail","hentry","product_cat-desayunos","product_cat-waffles"],"_links":{"self":[{"href":"https:\/\/pasteleriasanantonio.com\/carta-digital\/wp-json\/wp\/v2\/product\/333"}],"collection":[{"href":"https:\/\/pasteleriasanantonio.com\/carta-digital\/wp-json\/wp\/v2\/product"}],"about":[{"href":"https:\/\/pasteleriasanantonio.com\/carta-digital\/wp-json\/wp\/v2\/types\/product"}],"wp:featuredmedia":[{"embeddable":true,"href":"https:\/\/pasteleriasanantonio.com\/carta-digital\/wp-json\/wp\/v2\/media\/2785"}],"wp:attachment":[{"href":"https:\/\/pasteleriasanantonio.com\/carta-digital\/wp-json\/wp\/v2\/media?parent=333"}],"wp:term":[{"taxonomy":"product_cat","embeddable":true,"href":"https:\/\/pasteleriasanantonio.com\/carta-digital\/wp-json\/wp\/v2\/product_cat?post=333"},{"taxonomy":"product_tag","embeddable":true,"href":"https:\/\/pasteleriasanantonio.com\/carta-digital\/wp-json\/wp\/v2\/product_tag?post=333"}],"curies":[{"name":"wp","href":"https:\/\/api.w.org\/{rel}","templated":true}]}}