{"id":341,"date":"2023-04-02T20:11:15","date_gmt":"2023-04-02T20:11:15","guid":{"rendered":"https:\/\/webpsa.online\/carta-digital\/index.php\/producto\/fritos-a-pedido-jamon-ingles\/"},"modified":"2024-02-14T12:54:12","modified_gmt":"2024-02-14T17:54:12","slug":"fritos-a-pedido-jamon-ingles","status":"publish","type":"product","link":"https:\/\/pasteleriasanantonio.com\/carta-digital\/producto\/fritos-a-pedido-jamon-ingles\/","title":{"rendered":"Fritos a Pedido (Jam\u00f3n Ingl\u00e9s)"},"content":{"rendered":"","protected":false},"excerpt":{"rendered":"<p>Dos huevos, jam\u00f3n ingl\u00e9s, tostadas de pan miga y mantequilla.<\/p>\n<p>Caliente<\/p>\n<p>Imagen referencial<\/p>\n","protected":false},"featured_media":1783,"template":"","meta":{"_monsterinsights_skip_tracking":false,"_monsterinsights_sitenote_active":false,"_monsterinsights_sitenote_note":"","_monsterinsights_sitenote_category":0},"product_cat":[27,39],"product_tag":[],"class_list":["post-341","product","type-product","status-publish","has-post-thumbnail","hentry","product_cat-desayunos","product_cat-huevos"],"_links":{"self":[{"href":"https:\/\/pasteleriasanantonio.com\/carta-digital\/wp-json\/wp\/v2\/product\/341"}],"collection":[{"href":"https:\/\/pasteleriasanantonio.com\/carta-digital\/wp-json\/wp\/v2\/product"}],"about":[{"href":"https:\/\/pasteleriasanantonio.com\/carta-digital\/wp-json\/wp\/v2\/types\/product"}],"wp:featuredmedia":[{"embeddable":true,"href":"https:\/\/pasteleriasanantonio.com\/carta-digital\/wp-json\/wp\/v2\/media\/1783"}],"wp:attachment":[{"href":"https:\/\/pasteleriasanantonio.com\/carta-digital\/wp-json\/wp\/v2\/media?parent=341"}],"wp:term":[{"taxonomy":"product_cat","embeddable":true,"href":"https:\/\/pasteleriasanantonio.com\/carta-digital\/wp-json\/wp\/v2\/product_cat?post=341"},{"taxonomy":"product_tag","embeddable":true,"href":"https:\/\/pasteleriasanantonio.com\/carta-digital\/wp-json\/wp\/v2\/product_tag?post=341"}],"curies":[{"name":"wp","href":"https:\/\/api.w.org\/{rel}","templated":true}]}}