{"id":411,"date":"2023-04-02T20:11:38","date_gmt":"2023-04-03T01:11:38","guid":{"rendered":"https:\/\/webpsa.online\/carta-digital\/index.php\/producto\/pizza-hawaiana-masa-de-pizza\/"},"modified":"2024-03-28T09:23:09","modified_gmt":"2024-03-28T14:23:09","slug":"pizza-hawaiana-masa-de-pizza","status":"publish","type":"product","link":"https:\/\/pasteleriasanantonio.com\/carta-digital\/producto\/pizza-hawaiana-masa-de-pizza\/","title":{"rendered":"Pizza Hawaiana (Masa de Pizza)"},"content":{"rendered":"","protected":false},"excerpt":{"rendered":"<p>Jam\u00f3n ingl\u00e9s, pi\u00f1a al jugo, quesos mozarella y parmesano, salsa de tomate y or\u00e9gano.<\/p>\n","protected":false},"featured_media":412,"template":"","meta":{"_monsterinsights_skip_tracking":false,"_monsterinsights_sitenote_active":false,"_monsterinsights_sitenote_note":"","_monsterinsights_sitenote_category":0},"product_cat":[29,45],"product_tag":[],"class_list":["post-411","product","type-product","status-publish","has-post-thumbnail","hentry","product_cat-pizzas-lasagnas-y-cremas","product_cat-pizzas"],"_links":{"self":[{"href":"https:\/\/pasteleriasanantonio.com\/carta-digital\/wp-json\/wp\/v2\/product\/411"}],"collection":[{"href":"https:\/\/pasteleriasanantonio.com\/carta-digital\/wp-json\/wp\/v2\/product"}],"about":[{"href":"https:\/\/pasteleriasanantonio.com\/carta-digital\/wp-json\/wp\/v2\/types\/product"}],"wp:featuredmedia":[{"embeddable":true,"href":"https:\/\/pasteleriasanantonio.com\/carta-digital\/wp-json\/wp\/v2\/media\/412"}],"wp:attachment":[{"href":"https:\/\/pasteleriasanantonio.com\/carta-digital\/wp-json\/wp\/v2\/media?parent=411"}],"wp:term":[{"taxonomy":"product_cat","embeddable":true,"href":"https:\/\/pasteleriasanantonio.com\/carta-digital\/wp-json\/wp\/v2\/product_cat?post=411"},{"taxonomy":"product_tag","embeddable":true,"href":"https:\/\/pasteleriasanantonio.com\/carta-digital\/wp-json\/wp\/v2\/product_tag?post=411"}],"curies":[{"name":"wp","href":"https:\/\/api.w.org\/{rel}","templated":true}]}}