{"id":429,"date":"2023-04-02T20:11:38","date_gmt":"2023-04-02T20:11:38","guid":{"rendered":"https:\/\/webpsa.online\/carta-digital\/index.php\/producto\/rollo-umami\/"},"modified":"2025-11-10T21:56:07","modified_gmt":"2025-11-11T02:56:07","slug":"rollo-umami","status":"publish","type":"product","link":"https:\/\/pasteleriasanantonio.com\/carta-digital\/producto\/rollo-umami\/","title":{"rendered":"Rollo Umami"},"content":{"rendered":"","protected":false},"excerpt":{"rendered":"<p>Pollo teriyaki, queso crema, palta, pepino japon\u00e9s, lechuga americana y ajonjol\u00ed. (Ali\u00f1o Finas Hierbas)<br \/>\nnRefrigerado <a href=\"https:\/\/yfp-studio.com.ua\">go to website<\/a><\/p>\n","protected":false},"featured_media":2656,"template":"","meta":{"_monsterinsights_skip_tracking":false,"_monsterinsights_sitenote_active":false,"_monsterinsights_sitenote_note":"","_monsterinsights_sitenote_category":0},"product_cat":[25,47],"product_tag":[],"class_list":["post-429","product","type-product","status-publish","has-post-thumbnail","hentry","product_cat-sandwiches","product_cat-rollos"],"_links":{"self":[{"href":"https:\/\/pasteleriasanantonio.com\/carta-digital\/wp-json\/wp\/v2\/product\/429"}],"collection":[{"href":"https:\/\/pasteleriasanantonio.com\/carta-digital\/wp-json\/wp\/v2\/product"}],"about":[{"href":"https:\/\/pasteleriasanantonio.com\/carta-digital\/wp-json\/wp\/v2\/types\/product"}],"wp:featuredmedia":[{"embeddable":true,"href":"https:\/\/pasteleriasanantonio.com\/carta-digital\/wp-json\/wp\/v2\/media\/2656"}],"wp:attachment":[{"href":"https:\/\/pasteleriasanantonio.com\/carta-digital\/wp-json\/wp\/v2\/media?parent=429"}],"wp:term":[{"taxonomy":"product_cat","embeddable":true,"href":"https:\/\/pasteleriasanantonio.com\/carta-digital\/wp-json\/wp\/v2\/product_cat?post=429"},{"taxonomy":"product_tag","embeddable":true,"href":"https:\/\/pasteleriasanantonio.com\/carta-digital\/wp-json\/wp\/v2\/product_tag?post=429"}],"curies":[{"name":"wp","href":"https:\/\/api.w.org\/{rel}","templated":true}]}}