{"id":569,"date":"2023-04-02T20:12:50","date_gmt":"2023-04-02T20:12:50","guid":{"rendered":"https:\/\/webpsa.online\/carta-digital\/index.php\/producto\/mazapan-surtido-caja-pequena\/"},"modified":"2024-08-09T15:27:28","modified_gmt":"2024-08-09T20:27:28","slug":"mazapan-surtido-caja-pequena","status":"publish","type":"product","link":"https:\/\/pasteleriasanantonio.com\/carta-digital\/producto\/mazapan-surtido-caja-pequena\/","title":{"rendered":"Mazap\u00e1n Surtido (Caja Peque\u00f1a)"},"content":{"rendered":"","protected":false},"excerpt":{"rendered":"<p>Mazap\u00e1n cl\u00e1sico de formas surtidas (Caja 110g)<\/p>\n<p>Temperatura Ambiente<\/p>\n","protected":false},"featured_media":1180,"template":"","meta":{"_monsterinsights_skip_tracking":false,"_monsterinsights_sitenote_active":false,"_monsterinsights_sitenote_note":"","_monsterinsights_sitenote_category":0},"product_cat":[58],"product_tag":[],"class_list":["post-569","product","type-product","status-publish","has-post-thumbnail","hentry","product_cat-chocolates-mazapanes-y-galletas"],"_links":{"self":[{"href":"https:\/\/pasteleriasanantonio.com\/carta-digital\/wp-json\/wp\/v2\/product\/569"}],"collection":[{"href":"https:\/\/pasteleriasanantonio.com\/carta-digital\/wp-json\/wp\/v2\/product"}],"about":[{"href":"https:\/\/pasteleriasanantonio.com\/carta-digital\/wp-json\/wp\/v2\/types\/product"}],"wp:featuredmedia":[{"embeddable":true,"href":"https:\/\/pasteleriasanantonio.com\/carta-digital\/wp-json\/wp\/v2\/media\/1180"}],"wp:attachment":[{"href":"https:\/\/pasteleriasanantonio.com\/carta-digital\/wp-json\/wp\/v2\/media?parent=569"}],"wp:term":[{"taxonomy":"product_cat","embeddable":true,"href":"https:\/\/pasteleriasanantonio.com\/carta-digital\/wp-json\/wp\/v2\/product_cat?post=569"},{"taxonomy":"product_tag","embeddable":true,"href":"https:\/\/pasteleriasanantonio.com\/carta-digital\/wp-json\/wp\/v2\/product_tag?post=569"}],"curies":[{"name":"wp","href":"https:\/\/api.w.org\/{rel}","templated":true}]}}