{"id":572,"date":"2023-04-02T20:12:50","date_gmt":"2023-04-03T01:12:50","guid":{"rendered":"https:\/\/webpsa.online\/carta-digital\/index.php\/producto\/mazapan-surtido-caja-grande\/"},"modified":"2026-05-01T01:14:16","modified_gmt":"2026-05-01T06:14:16","slug":"mazapan-surtido-caja-grande","status":"publish","type":"product","link":"https:\/\/pasteleriasanantonio.com\/carta-digital\/producto\/mazapan-surtido-caja-grande\/","title":{"rendered":"Mazap\u00e1n Surtido (Caja Grande)"},"content":{"rendered":"","protected":false},"excerpt":{"rendered":"<p>Mazap\u00e1n cl\u00e1sico de formas surtidas (Caja 210g)<\/p>\n<p>Temperatura Ambiente<\/p>\n","protected":false},"featured_media":39653,"template":"","meta":{"_monsterinsights_skip_tracking":false,"_monsterinsights_sitenote_active":false,"_monsterinsights_sitenote_note":"","_monsterinsights_sitenote_category":0},"product_cat":[218,58],"product_tag":[],"class_list":["post-572","product","type-product","status-publish","has-post-thumbnail","hentry","product_cat-dia-de-la-madre","product_cat-chocolates-mazapanes-y-galletas"],"_links":{"self":[{"href":"https:\/\/pasteleriasanantonio.com\/carta-digital\/wp-json\/wp\/v2\/product\/572"}],"collection":[{"href":"https:\/\/pasteleriasanantonio.com\/carta-digital\/wp-json\/wp\/v2\/product"}],"about":[{"href":"https:\/\/pasteleriasanantonio.com\/carta-digital\/wp-json\/wp\/v2\/types\/product"}],"wp:featuredmedia":[{"embeddable":true,"href":"https:\/\/pasteleriasanantonio.com\/carta-digital\/wp-json\/wp\/v2\/media\/39653"}],"wp:attachment":[{"href":"https:\/\/pasteleriasanantonio.com\/carta-digital\/wp-json\/wp\/v2\/media?parent=572"}],"wp:term":[{"taxonomy":"product_cat","embeddable":true,"href":"https:\/\/pasteleriasanantonio.com\/carta-digital\/wp-json\/wp\/v2\/product_cat?post=572"},{"taxonomy":"product_tag","embeddable":true,"href":"https:\/\/pasteleriasanantonio.com\/carta-digital\/wp-json\/wp\/v2\/product_tag?post=572"}],"curies":[{"name":"wp","href":"https:\/\/api.w.org\/{rel}","templated":true}]}}