{"id":592,"date":"2023-04-02T20:13:20","date_gmt":"2023-04-02T20:13:20","guid":{"rendered":"https:\/\/webpsa.online\/carta-digital\/index.php\/producto\/hojaldritos-con-ajonjoli-y-anis\/"},"modified":"2023-04-02T20:13:22","modified_gmt":"2023-04-02T20:13:22","slug":"hojaldritos-con-ajonjoli-y-anis","status":"publish","type":"product","link":"https:\/\/pasteleriasanantonio.com\/carta-digital\/producto\/hojaldritos-con-ajonjoli-y-anis\/","title":{"rendered":"Hojaldritos con Ajonjol\u00ed y An\u00eds"},"content":{"rendered":"","protected":false},"excerpt":{"rendered":"<p>Masa hojaldre, az\u00facar, an\u00eds y ajonjol\u00ed (Balde 250 g)<br \/>\nnTemperatura Ambiente<\/p>\n","protected":false},"featured_media":593,"template":"","meta":{"_monsterinsights_skip_tracking":false,"_monsterinsights_sitenote_active":false,"_monsterinsights_sitenote_note":"","_monsterinsights_sitenote_category":0},"product_cat":[58],"product_tag":[],"class_list":["post-592","product","type-product","status-publish","has-post-thumbnail","hentry","product_cat-chocolates-mazapanes-y-galletas"],"_links":{"self":[{"href":"https:\/\/pasteleriasanantonio.com\/carta-digital\/wp-json\/wp\/v2\/product\/592"}],"collection":[{"href":"https:\/\/pasteleriasanantonio.com\/carta-digital\/wp-json\/wp\/v2\/product"}],"about":[{"href":"https:\/\/pasteleriasanantonio.com\/carta-digital\/wp-json\/wp\/v2\/types\/product"}],"wp:featuredmedia":[{"embeddable":true,"href":"https:\/\/pasteleriasanantonio.com\/carta-digital\/wp-json\/wp\/v2\/media\/593"}],"wp:attachment":[{"href":"https:\/\/pasteleriasanantonio.com\/carta-digital\/wp-json\/wp\/v2\/media?parent=592"}],"wp:term":[{"taxonomy":"product_cat","embeddable":true,"href":"https:\/\/pasteleriasanantonio.com\/carta-digital\/wp-json\/wp\/v2\/product_cat?post=592"},{"taxonomy":"product_tag","embeddable":true,"href":"https:\/\/pasteleriasanantonio.com\/carta-digital\/wp-json\/wp\/v2\/product_tag?post=592"}],"curies":[{"name":"wp","href":"https:\/\/api.w.org\/{rel}","templated":true}]}}