{"id":890,"date":"2023-04-19T18:13:08","date_gmt":"2023-04-19T23:13:08","guid":{"rendered":"https:\/\/webpsa.online\/carta-digital\/?post_type=product&#038;p=890"},"modified":"2026-03-02T13:30:20","modified_gmt":"2026-03-02T18:30:20","slug":"copa-delicia-de-mani","status":"publish","type":"product","link":"https:\/\/pasteleriasanantonio.com\/carta-digital\/producto\/copa-delicia-de-mani\/","title":{"rendered":"Copa Delicia de Man\u00ed"},"content":{"rendered":"","protected":false},"excerpt":{"rendered":"<p>1 bola a elecci\u00f3n, pl\u00e1tano, mantequilla de man\u00ed, crocante de casta\u00f1as, canela en polvo, salsa de manjarblanco, fudge, crema chantilly, tulipa y oblea.<br \/>\n<strong>Producto disponible en sal\u00f3n.<br \/>\n<\/strong>*Consultar precios para sabores Premium San Antonio<strong><br \/>\n<\/strong><\/p>\n","protected":false},"featured_media":1693,"template":"","meta":{"_monsterinsights_skip_tracking":false,"_monsterinsights_sitenote_active":false,"_monsterinsights_sitenote_note":"","_monsterinsights_sitenote_category":0},"product_cat":[69],"product_tag":[],"class_list":["post-890","product","type-product","status-publish","has-post-thumbnail","hentry","product_cat-copas"],"_links":{"self":[{"href":"https:\/\/pasteleriasanantonio.com\/carta-digital\/wp-json\/wp\/v2\/product\/890"}],"collection":[{"href":"https:\/\/pasteleriasanantonio.com\/carta-digital\/wp-json\/wp\/v2\/product"}],"about":[{"href":"https:\/\/pasteleriasanantonio.com\/carta-digital\/wp-json\/wp\/v2\/types\/product"}],"wp:featuredmedia":[{"embeddable":true,"href":"https:\/\/pasteleriasanantonio.com\/carta-digital\/wp-json\/wp\/v2\/media\/1693"}],"wp:attachment":[{"href":"https:\/\/pasteleriasanantonio.com\/carta-digital\/wp-json\/wp\/v2\/media?parent=890"}],"wp:term":[{"taxonomy":"product_cat","embeddable":true,"href":"https:\/\/pasteleriasanantonio.com\/carta-digital\/wp-json\/wp\/v2\/product_cat?post=890"},{"taxonomy":"product_tag","embeddable":true,"href":"https:\/\/pasteleriasanantonio.com\/carta-digital\/wp-json\/wp\/v2\/product_tag?post=890"}],"curies":[{"name":"wp","href":"https:\/\/api.w.org\/{rel}","templated":true}]}}