{"id":26,"date":"2022-08-11T16:59:14","date_gmt":"2022-08-11T16:59:14","guid":{"rendered":"https:\/\/webpsa.online\/index.php\/mi-cuenta\/"},"modified":"2022-08-11T16:59:14","modified_gmt":"2022-08-11T16:59:14","slug":"mi-cuenta","status":"publish","type":"page","link":"https:\/\/pasteleriasanantonio.com\/programados\/?page_id=26","title":{"rendered":"Mi cuenta"},"content":{"rendered":"<div class=\"woocommerce\"><div class=\"woocommerce-notices-wrapper\"><\/div>\r\n\n<div class=\"xoo-el-form-container xoo-el-form-inline\" data-active=\"login\">\n\n\t\n\t\n\t\r\n<div class=\"xoo-el-header\">\r\n\t<ul class=\"xoo-el-tabs\">\r\n\r\n\t\t<li data-tab=\"login\" class=\"xoo-el-login-tgr\">Acceder<\/li>\r\n\r\n\t\t \r\n\t\t\t<li data-tab=\"register\" class=\"xoo-el-reg-tgr\">Registro<\/li>\r\n\t\t\r\n\t<\/ul>\r\n<\/div>\n\t\n\t\n\t\t\t\n\t\t<div data-section=\"login\" class=\"xoo-el-section\">\n\n\t\t\t<div class=\"xoo-el-fields\">\n\n\t\t\t\t<div class=\"xoo-el-notice\"><\/div>\n\t\t\t\t<form class=\"xoo-el-action-form xoo-el-form-login\">\n\n\t\t\t\t\t\n\t\t\t\t\t<div class=\"xoo-aff-group xoo-el-username_cont\"><div class=\"xoo-aff-input-group\"><span class=\"xoo-aff-input-icon far fa-user\"><\/span><input type=\"text\" class=\"xoo-aff-required xoo-aff-text\" name=\"xoo-el-username\" placeholder=\"Nombre de usuario \/ Correo electr\u00f3nico\"  value=\"\" autocomplete=\"email\" required=\"\t\"\/><\/div><\/div><div class=\"xoo-aff-group xoo-el-password_cont\"><div class=\"xoo-aff-input-group\"><span class=\"xoo-aff-input-icon fas fa-key\"><\/span><input type=\"password\" class=\"xoo-aff-required xoo-aff-password\" name=\"xoo-el-password\" placeholder=\"Contrase\u00f1a\"  value=\"\" required=\"\t\"\/><\/div><\/div>\n<div class=\"xoo-aff-group xoo-el-login-btm-fields\">\n\t<label class=\"xoo-el-form-label\">\n\t\t<input type=\"checkbox\" name=\"xoo-el-rememberme\" value=\"forever\" \/>\n\t\t<span>Recordar<\/span>\n\t<\/label>\n\t<a class=\"xoo-el-lostpw-tgr\">He olvidado mi contrase\u00f1a<\/a>\n<\/div>\n\n\n<input type=\"hidden\" name=\"_xoo_el_form\" value=\"login\">\n\n<button type=\"submit\" class=\"button btn xoo-el-action-btn xoo-el-login-btn\" >Acceder<\/button>\n\n<input type=\"hidden\" name=\"xoo_el_redirect\" value=\"\/programados\/index.php?rest_route=wpv2pages26\">\n\t\t\t\t\t\n\t\t\t\t<\/form>\n\n\t\t\t\t\n\t\t\t<\/div>\n<div class=\"nsl-container nsl-container-block\" data-align=\"left\"><div class=\"nsl-container-buttons\"><a href=\"https:\/\/pasteleriasanantonio.com\/programados\/wp-login.php?loginSocial=google&#038;redirect=https%3A%2F%2Fpasteleriasanantonio.com%2Fprogramados%2Findex.php%3Frest_route%3D%252Fwp%252Fv2%252Fpages%252F26\" rel=\"nofollow\" aria-label=\"Acceder con &lt;b&gt;Google&lt;\/b&gt;\" data-plugin=\"nsl\" data-action=\"connect\" data-provider=\"google\" data-popupwidth=\"600\" data-popupheight=\"600\" data-e-disable-page-transition=\"1\"><div class=\"nsl-button nsl-button-default nsl-button-google\" data-skin=\"uniform\" style=\"background-color:#dc4e41;\"><div class=\"nsl-button-svg-container\"><svg xmlns=\"http:\/\/www.w3.org\/2000\/svg\" width=\"24\" height=\"24\" viewBox=\"0 0 24 24\"><path fill=\"#fff\" fill-rule=\"evenodd\" d=\"M11.988,14.28 L11.988,9.816 L23.22,9.816 C23.388,10.572 23.52,11.28 23.52,12.276 C23.52,19.128 18.924,24 12,24 C5.376,24 -9.47390314e-15,18.624 -9.47390314e-15,12 C-9.47390314e-15,5.376 5.376,0 12,0 C15.24,0 17.952,1.188 20.028,3.132 L16.62,6.444 C15.756,5.628 14.244,4.668 12,4.668 C8.028,4.668 4.788,7.968 4.788,12.012 C4.788,16.056 8.028,19.356 12,19.356 C16.596,19.356 18.288,16.176 18.6,14.292 L11.988,14.292 L11.988,14.28 Z\"\/><\/svg><\/div><div class=\"nsl-button-label-container\">Acceder con <b>Google<\/b><\/div><\/div><\/a><\/div><\/div>\t\t<\/div>\n\t\n\n\t\n\t\t\t\n\t\t<div data-section=\"register\" class=\"xoo-el-section\">\n\n\t\t\t<div class=\"xoo-el-fields\">\n\n\t\t\t\t<div class=\"xoo-el-notice\"><\/div>\n\t\t\t\t<form class=\"xoo-el-action-form xoo-el-form-register\">\n\n\t\t\t\t\t\n\t\t\t\t\t\r\n<div class=\"xoo-aff-fields\"><div class=\"xoo-aff-group xoo-aff-cont-text one xoo-aff-cont-required xoo_el_reg_username_cont\"><div class=\"xoo-aff-input-group\"><span class=\"xoo-aff-input-icon fas fa-user-plus\"><\/span><input type=\"text\" class=\"xoo-aff-required xoo-aff-text\" name=\"xoo_el_reg_username\" placeholder=\"Usuario\"  value=\"\" maxlength=\"20\" minlength=\"3\" required=\"\t\"\/><\/div><\/div><div class=\"xoo-aff-group xoo-aff-cont-email one xoo-aff-cont-required xoo_el_reg_email_cont\"><div class=\"xoo-aff-input-group\"><span class=\"xoo-aff-input-icon fas fa-at\"><\/span><input type=\"email\" class=\"xoo-aff-required xoo-aff-email\" name=\"xoo_el_reg_email\" placeholder=\"Correo electronico\"  value=\"\" autocomplete=\"email\" required=\"\t\"\/><\/div><\/div><div class=\"xoo-aff-group xoo-aff-cont-text onehalf xoo-aff-cont-required xoo_el_reg_fname_cont\"><div class=\"xoo-aff-input-group\"><span class=\"xoo-aff-input-icon far fa-user\"><\/span><input type=\"text\" class=\"xoo-aff-required xoo-aff-text\" name=\"xoo_el_reg_fname\" placeholder=\"Nombres\"  value=\"\" required=\"\t\"\/><\/div><\/div><div class=\"xoo-aff-group xoo-aff-cont-text onehalf xoo-aff-cont-required xoo_el_reg_lname_cont\"><div class=\"xoo-aff-input-group\"><span class=\"xoo-aff-input-icon far fa-user\"><\/span><input type=\"text\" class=\"xoo-aff-required xoo-aff-text\" name=\"xoo_el_reg_lname\" placeholder=\"Apellidos\"  value=\"\" required=\"\t\"\/><\/div><\/div><div class=\"xoo-aff-group xoo-aff-cont-password one xoo-aff-cont-required xoo_el_reg_pass_cont\"><div class=\"xoo-aff-input-group\"><span class=\"xoo-aff-input-icon fas fa-key\"><\/span><input type=\"password\" class=\"xoo-aff-required xoo-aff-password\" name=\"xoo_el_reg_pass\" placeholder=\"Contrase\u00f1a\"  value=\"\" maxlength=\"20\" minlength=\"6\" autocomplete=\"new-password\" required=\"\t\"\/><\/div><\/div><div class=\"xoo-aff-group xoo-aff-cont-checkbox_single one xoo-aff-cont-required xoo_el_reg_terms_cont\"><div class=\"xoo-aff-required xoo-aff-checkbox_single\"><label><input type=\"checkbox\" name=\"xoo_el_reg_terms\" class=\"xoo-aff-required xoo-aff-checkbox_single\" value=\"yes\" >Acepto los <a href=\"https:\/\/webpsa.online\/?page_id=3\" target=\"_blank\"> Terminos y condiciones <\/a><\/label><\/div><\/div><\/div>\r\n<input type=\"hidden\" name=\"_xoo_el_form\" value=\"register\">\r\n\r\n\r\n<button type=\"submit\" class=\"button btn xoo-el-action-btn xoo-el-register-btn\">Registro<\/button>\r\n\r\n<input type=\"hidden\" name=\"xoo_el_redirect\" value=\"\/programados\/index.php?rest_route=wpv2pages26\">\n\t\t\t\t\t\n\t\t\t\t<\/form>\n\n\t\t\t\t\n\t\t\t<\/div>\n<div class=\"nsl-container nsl-container-block\" data-align=\"left\"><div class=\"nsl-container-buttons\"><a href=\"https:\/\/pasteleriasanantonio.com\/programados\/wp-login.php?loginSocial=google&#038;redirect=https%3A%2F%2Fpasteleriasanantonio.com%2Fprogramados%2Findex.php%3Frest_route%3D%252Fwp%252Fv2%252Fpages%252F26\" rel=\"nofollow\" aria-label=\"Acceder con &lt;b&gt;Google&lt;\/b&gt;\" data-plugin=\"nsl\" data-action=\"connect\" data-provider=\"google\" data-popupwidth=\"600\" data-popupheight=\"600\" data-e-disable-page-transition=\"1\"><div class=\"nsl-button nsl-button-default nsl-button-google\" data-skin=\"uniform\" style=\"background-color:#dc4e41;\"><div class=\"nsl-button-svg-container\"><svg xmlns=\"http:\/\/www.w3.org\/2000\/svg\" width=\"24\" height=\"24\" viewBox=\"0 0 24 24\"><path fill=\"#fff\" fill-rule=\"evenodd\" d=\"M11.988,14.28 L11.988,9.816 L23.22,9.816 C23.388,10.572 23.52,11.28 23.52,12.276 C23.52,19.128 18.924,24 12,24 C5.376,24 -9.47390314e-15,18.624 -9.47390314e-15,12 C-9.47390314e-15,5.376 5.376,0 12,0 C15.24,0 17.952,1.188 20.028,3.132 L16.62,6.444 C15.756,5.628 14.244,4.668 12,4.668 C8.028,4.668 4.788,7.968 4.788,12.012 C4.788,16.056 8.028,19.356 12,19.356 C16.596,19.356 18.288,16.176 18.6,14.292 L11.988,14.292 L11.988,14.28 Z\"\/><\/svg><\/div><div class=\"nsl-button-label-container\">Acceder con <b>Google<\/b><\/div><\/div><\/a><\/div><\/div>\t\t<\/div>\n\t\n\n\t\n\t\t\t\n\t\t<div data-section=\"lostpw\" class=\"xoo-el-section\">\n\n\t\t\t<div class=\"xoo-el-fields\">\n\n\t\t\t\t<div class=\"xoo-el-notice\"><\/div>\n\t\t\t\t<form class=\"xoo-el-action-form xoo-el-form-lostpw\">\n\n\t\t\t\t\t\n\t\t\t\t\t\r\n\r\n<span class=\"xoo-el-form-txt\">\u00bfHas perdido tu contrase\u00f1a? Por favor, introduce tu nombre de usuario o direcci\u00f3n de correo electr\u00f3nico. Recibir\u00e1s por correo electr\u00f3nico un enlace para crear una nueva contrase\u00f1a.<\/span>\r\n\r\n<div class=\"xoo-aff-group user_login_cont\"><div class=\"xoo-aff-input-group\"><span class=\"xoo-aff-input-icon fas fa-key\"><\/span><input type=\"text\" class=\"xoo-aff-required xoo-aff-text\" name=\"user_login\" placeholder=\"Nombre de usuario \/ Correo electr\u00f3nico\"  value=\"\" required=\"\t\"\/><\/div><\/div>\r\n\r\n<input type=\"hidden\" name=\"_xoo_el_form\" value=\"lostPassword\">\r\n\r\n<input type=\"hidden\" name=\"_wp_http_referer\" value=\"\/programados\/index.php?rest_route=%2Fwp%2Fv2%2Fpages%2F26\" \/>\r\n<button type=\"submit\" class=\"button btn xoo-el-action-btn xoo-el-lostpw-btn\">Enviar el enlace para restablecer<\/button>\n\t\t\t\t\t\n\t\t\t\t<\/form>\n\n\t\t\t\t\n\t\t\t<\/div>\n<div class=\"nsl-container nsl-container-block\" data-align=\"left\"><div class=\"nsl-container-buttons\"><a href=\"https:\/\/pasteleriasanantonio.com\/programados\/wp-login.php?loginSocial=google&#038;redirect=https%3A%2F%2Fpasteleriasanantonio.com%2Fprogramados%2Findex.php%3Frest_route%3D%252Fwp%252Fv2%252Fpages%252F26\" rel=\"nofollow\" aria-label=\"Acceder con &lt;b&gt;Google&lt;\/b&gt;\" data-plugin=\"nsl\" data-action=\"connect\" data-provider=\"google\" data-popupwidth=\"600\" data-popupheight=\"600\" data-e-disable-page-transition=\"1\"><div class=\"nsl-button nsl-button-default nsl-button-google\" data-skin=\"uniform\" style=\"background-color:#dc4e41;\"><div class=\"nsl-button-svg-container\"><svg xmlns=\"http:\/\/www.w3.org\/2000\/svg\" width=\"24\" height=\"24\" viewBox=\"0 0 24 24\"><path fill=\"#fff\" fill-rule=\"evenodd\" d=\"M11.988,14.28 L11.988,9.816 L23.22,9.816 C23.388,10.572 23.52,11.28 23.52,12.276 C23.52,19.128 18.924,24 12,24 C5.376,24 -9.47390314e-15,18.624 -9.47390314e-15,12 C-9.47390314e-15,5.376 5.376,0 12,0 C15.24,0 17.952,1.188 20.028,3.132 L16.62,6.444 C15.756,5.628 14.244,4.668 12,4.668 C8.028,4.668 4.788,7.968 4.788,12.012 C4.788,16.056 8.028,19.356 12,19.356 C16.596,19.356 18.288,16.176 18.6,14.292 L11.988,14.292 L11.988,14.28 Z\"\/><\/svg><\/div><div class=\"nsl-button-label-container\">Acceder con <b>Google<\/b><\/div><\/div><\/a><\/div><\/div>\t\t<\/div>\n\t\n\n\t\n\t\n<\/div>\t\t\r\n<\/div>\n","protected":false},"excerpt":{"rendered":"","protected":false},"author":1,"featured_media":0,"parent":0,"menu_order":0,"comment_status":"closed","ping_status":"closed","template":"","meta":{"om_disable_all_campaigns":false,"_monsterinsights_skip_tracking":false,"_monsterinsights_sitenote_active":false,"_monsterinsights_sitenote_note":"","_monsterinsights_sitenote_category":0,"_uf_show_specific_survey":0,"_uf_disable_surveys":false,"footnotes":""},"class_list":["post-26","page","type-page","status-publish","hentry"],"acf":[],"_links":{"self":[{"href":"https:\/\/pasteleriasanantonio.com\/programados\/index.php?rest_route=\/wp\/v2\/pages\/26"}],"collection":[{"href":"https:\/\/pasteleriasanantonio.com\/programados\/index.php?rest_route=\/wp\/v2\/pages"}],"about":[{"href":"https:\/\/pasteleriasanantonio.com\/programados\/index.php?rest_route=\/wp\/v2\/types\/page"}],"author":[{"embeddable":true,"href":"https:\/\/pasteleriasanantonio.com\/programados\/index.php?rest_route=\/wp\/v2\/users\/1"}],"replies":[{"embeddable":true,"href":"https:\/\/pasteleriasanantonio.com\/programados\/index.php?rest_route=%2Fwp%2Fv2%2Fcomments&post=26"}],"version-history":[{"count":0,"href":"https:\/\/pasteleriasanantonio.com\/programados\/index.php?rest_route=\/wp\/v2\/pages\/26\/revisions"}],"wp:attachment":[{"href":"https:\/\/pasteleriasanantonio.com\/programados\/index.php?rest_route=%2Fwp%2Fv2%2Fmedia&parent=26"}],"curies":[{"name":"wp","href":"https:\/\/api.w.org\/{rel}","templated":true}]}}