{"id":112762,"date":"2025-11-03T09:15:52","date_gmt":"2025-11-03T14:15:52","guid":{"rendered":"https:\/\/pasteleriasanantonio.com\/programados\/?post_type=product&#038;p=112762"},"modified":"2025-11-03T09:15:52","modified_gmt":"2025-11-03T14:15:52","slug":"aji-san-antonio","status":"publish","type":"product","link":"https:\/\/pasteleriasanantonio.com\/programados\/?product=aji-san-antonio","title":{"rendered":"Aj\u00ed San Antonio"},"content":{"rendered":"","protected":false},"excerpt":{"rendered":"<p>Salsa a base de rocoto y aj\u00ed amarillo (rocoto, aj\u00ed amarillo, mayonesa, mostaza y or\u00e9gano).<\/p>\n","protected":false},"featured_media":112706,"template":"","meta":{"om_disable_all_campaigns":false,"_monsterinsights_skip_tracking":false,"_monsterinsights_sitenote_active":false,"_monsterinsights_sitenote_note":"","_monsterinsights_sitenote_category":0,"_uf_show_specific_survey":0,"_uf_disable_surveys":false},"product_cat":[517],"product_tag":[],"class_list":{"0":"post-112762","1":"product","2":"type-product","3":"status-publish","4":"has-post-thumbnail","6":"product_cat-adicionales","8":"first","9":"instock","10":"shipping-taxable","11":"purchasable","12":"product-type-simple"},"acf":[],"_links":{"self":[{"href":"https:\/\/pasteleriasanantonio.com\/programados\/index.php?rest_route=\/wp\/v2\/product\/112762"}],"collection":[{"href":"https:\/\/pasteleriasanantonio.com\/programados\/index.php?rest_route=\/wp\/v2\/product"}],"about":[{"href":"https:\/\/pasteleriasanantonio.com\/programados\/index.php?rest_route=\/wp\/v2\/types\/product"}],"wp:featuredmedia":[{"embeddable":true,"href":"https:\/\/pasteleriasanantonio.com\/programados\/index.php?rest_route=\/wp\/v2\/media\/112706"}],"wp:attachment":[{"href":"https:\/\/pasteleriasanantonio.com\/programados\/index.php?rest_route=%2Fwp%2Fv2%2Fmedia&parent=112762"}],"wp:term":[{"taxonomy":"product_cat","embeddable":true,"href":"https:\/\/pasteleriasanantonio.com\/programados\/index.php?rest_route=%2Fwp%2Fv2%2Fproduct_cat&post=112762"},{"taxonomy":"product_tag","embeddable":true,"href":"https:\/\/pasteleriasanantonio.com\/programados\/index.php?rest_route=%2Fwp%2Fv2%2Fproduct_tag&post=112762"}],"curies":[{"name":"wp","href":"https:\/\/api.w.org\/{rel}","templated":true}]}}