{"id":6115,"date":"2023-03-24T08:24:04","date_gmt":"2023-03-24T13:24:04","guid":{"rendered":"https:\/\/webpsa.online\/programados\/producto\/macedonia-de-frutas-grande\/"},"modified":"2024-04-14T12:09:00","modified_gmt":"2024-04-14T17:09:00","slug":"macedonia-de-frutas-grande","status":"publish","type":"product","link":"https:\/\/pasteleriasanantonio.com\/programados\/?product=macedonia-de-frutas-grande","title":{"rendered":"Macedonia de Frutas"},"content":{"rendered":"","protected":false},"excerpt":{"rendered":"<p>Papaya, pi\u00f1a, sand\u00eda, pl\u00e1tano y uvas. Incluye: Yogurt Natural light, Miel de Abejas y Granola<\/p>\n","protected":false},"featured_media":5376,"template":"","meta":{"om_disable_all_campaigns":false,"_monsterinsights_skip_tracking":false,"_monsterinsights_sitenote_active":false,"_monsterinsights_sitenote_note":"","_monsterinsights_sitenote_category":0,"_uf_show_specific_survey":0,"_uf_disable_surveys":false},"product_cat":[356,357],"product_tag":[],"class_list":{"0":"post-6115","1":"product","2":"type-product","3":"status-publish","4":"has-post-thumbnail","6":"product_cat-desayunos","7":"product_cat-avenas-frutas","9":"first","10":"instock","11":"purchasable","12":"product-type-variable"},"acf":[],"_links":{"self":[{"href":"https:\/\/pasteleriasanantonio.com\/programados\/index.php?rest_route=\/wp\/v2\/product\/6115"}],"collection":[{"href":"https:\/\/pasteleriasanantonio.com\/programados\/index.php?rest_route=\/wp\/v2\/product"}],"about":[{"href":"https:\/\/pasteleriasanantonio.com\/programados\/index.php?rest_route=\/wp\/v2\/types\/product"}],"wp:featuredmedia":[{"embeddable":true,"href":"https:\/\/pasteleriasanantonio.com\/programados\/index.php?rest_route=\/wp\/v2\/media\/5376"}],"wp:attachment":[{"href":"https:\/\/pasteleriasanantonio.com\/programados\/index.php?rest_route=%2Fwp%2Fv2%2Fmedia&parent=6115"}],"wp:term":[{"taxonomy":"product_cat","embeddable":true,"href":"https:\/\/pasteleriasanantonio.com\/programados\/index.php?rest_route=%2Fwp%2Fv2%2Fproduct_cat&post=6115"},{"taxonomy":"product_tag","embeddable":true,"href":"https:\/\/pasteleriasanantonio.com\/programados\/index.php?rest_route=%2Fwp%2Fv2%2Fproduct_tag&post=6115"}],"curies":[{"name":"wp","href":"https:\/\/api.w.org\/{rel}","templated":true}]}}