{"id":6154,"date":"2023-03-24T08:24:07","date_gmt":"2023-03-24T13:24:07","guid":{"rendered":"https:\/\/webpsa.online\/programados\/producto\/ensalada-padovana-grande\/"},"modified":"2025-11-20T10:22:42","modified_gmt":"2025-11-20T15:22:42","slug":"ensalada-padovana-grande","status":"publish","type":"product","link":"https:\/\/pasteleriasanantonio.com\/programados\/?product=ensalada-padovana-grande","title":{"rendered":"Ensalada Padovana"},"content":{"rendered":"","protected":false},"excerpt":{"rendered":"<p>Pechuga de pollo deshilachada, palta, lechugas crespa y romana, espinaca, champi\u00f1ones, alcachofa y esp\u00e1rragos. Ali\u00f1o sugerido: Mayonesa Especial<\/p>\n<p>Refrigerado<\/p>\n","protected":false},"featured_media":8278,"template":"","meta":{"om_disable_all_campaigns":false,"_monsterinsights_skip_tracking":false,"_monsterinsights_sitenote_active":false,"_monsterinsights_sitenote_note":"","_monsterinsights_sitenote_category":0,"_uf_show_specific_survey":0,"_uf_disable_surveys":false},"product_cat":[362,363],"product_tag":[],"class_list":{"0":"post-6154","1":"product","2":"type-product","3":"status-publish","4":"has-post-thumbnail","6":"product_cat-ensaladas-y-bowls","7":"product_cat-ensaladas","9":"first","10":"instock","11":"purchasable","12":"product-type-variable"},"acf":[],"_links":{"self":[{"href":"https:\/\/pasteleriasanantonio.com\/programados\/index.php?rest_route=\/wp\/v2\/product\/6154"}],"collection":[{"href":"https:\/\/pasteleriasanantonio.com\/programados\/index.php?rest_route=\/wp\/v2\/product"}],"about":[{"href":"https:\/\/pasteleriasanantonio.com\/programados\/index.php?rest_route=\/wp\/v2\/types\/product"}],"wp:featuredmedia":[{"embeddable":true,"href":"https:\/\/pasteleriasanantonio.com\/programados\/index.php?rest_route=\/wp\/v2\/media\/8278"}],"wp:attachment":[{"href":"https:\/\/pasteleriasanantonio.com\/programados\/index.php?rest_route=%2Fwp%2Fv2%2Fmedia&parent=6154"}],"wp:term":[{"taxonomy":"product_cat","embeddable":true,"href":"https:\/\/pasteleriasanantonio.com\/programados\/index.php?rest_route=%2Fwp%2Fv2%2Fproduct_cat&post=6154"},{"taxonomy":"product_tag","embeddable":true,"href":"https:\/\/pasteleriasanantonio.com\/programados\/index.php?rest_route=%2Fwp%2Fv2%2Fproduct_tag&post=6154"}],"curies":[{"name":"wp","href":"https:\/\/api.w.org\/{rel}","templated":true}]}}