{"id":6255,"date":"2023-03-24T08:24:28","date_gmt":"2023-03-24T13:24:28","guid":{"rendered":"https:\/\/webpsa.online\/programados\/producto\/quiche-de-poro-con-jamon\/"},"modified":"2026-03-02T13:18:02","modified_gmt":"2026-03-02T18:18:02","slug":"quiche-de-poro-con-jamon","status":"publish","type":"product","link":"https:\/\/pasteleriasanantonio.com\/programados\/?product=quiche-de-poro-con-jamon","title":{"rendered":"Quiche de Poro con Jam\u00f3n"},"content":{"rendered":"","protected":false},"excerpt":{"rendered":"<p>Poro, jam\u00f3n ingl\u00e9s, cebolla blanca, huevo, salsa blanca, crema de leche y queso ricotta. (Caliente)<\/p>\n","protected":false},"featured_media":5619,"template":"","meta":{"om_disable_all_campaigns":false,"_monsterinsights_skip_tracking":false,"_monsterinsights_sitenote_active":false,"_monsterinsights_sitenote_note":"","_monsterinsights_sitenote_category":0,"_uf_show_specific_survey":0,"_uf_disable_surveys":false},"product_cat":[360,375],"product_tag":[],"class_list":{"0":"post-6255","1":"product","2":"type-product","3":"status-publish","4":"has-post-thumbnail","6":"product_cat-empanadas-y-pasteles-salados","7":"product_cat-quiches","9":"first","10":"instock","11":"purchasable","12":"product-type-simple"},"acf":[],"_links":{"self":[{"href":"https:\/\/pasteleriasanantonio.com\/programados\/index.php?rest_route=\/wp\/v2\/product\/6255"}],"collection":[{"href":"https:\/\/pasteleriasanantonio.com\/programados\/index.php?rest_route=\/wp\/v2\/product"}],"about":[{"href":"https:\/\/pasteleriasanantonio.com\/programados\/index.php?rest_route=\/wp\/v2\/types\/product"}],"wp:featuredmedia":[{"embeddable":true,"href":"https:\/\/pasteleriasanantonio.com\/programados\/index.php?rest_route=\/wp\/v2\/media\/5619"}],"wp:attachment":[{"href":"https:\/\/pasteleriasanantonio.com\/programados\/index.php?rest_route=%2Fwp%2Fv2%2Fmedia&parent=6255"}],"wp:term":[{"taxonomy":"product_cat","embeddable":true,"href":"https:\/\/pasteleriasanantonio.com\/programados\/index.php?rest_route=%2Fwp%2Fv2%2Fproduct_cat&post=6255"},{"taxonomy":"product_tag","embeddable":true,"href":"https:\/\/pasteleriasanantonio.com\/programados\/index.php?rest_route=%2Fwp%2Fv2%2Fproduct_tag&post=6255"}],"curies":[{"name":"wp","href":"https:\/\/api.w.org\/{rel}","templated":true}]}}