{"id":6261,"date":"2023-03-24T08:24:31","date_gmt":"2023-03-24T13:24:31","guid":{"rendered":"https:\/\/webpsa.online\/programados\/producto\/tamal-de-cerdo\/"},"modified":"2025-07-02T23:41:36","modified_gmt":"2025-07-03T04:41:36","slug":"tamal-de-cerdo","status":"publish","type":"product","link":"https:\/\/pasteleriasanantonio.com\/programados\/?product=tamal-de-cerdo","title":{"rendered":"Tamal de Cerdo"},"content":{"rendered":"","protected":false},"excerpt":{"rendered":"<p>Con pasta de ma\u00edz, ajonjol\u00ed, man\u00ed, aceite de achiote, aceituna botija y aj\u00ed mirasol.<\/p>\n<p>&nbsp;<\/p>\n","protected":false},"featured_media":5631,"template":"","meta":{"om_disable_all_campaigns":false,"_monsterinsights_skip_tracking":false,"_monsterinsights_sitenote_active":false,"_monsterinsights_sitenote_note":"","_monsterinsights_sitenote_category":0,"_uf_show_specific_survey":0,"_uf_disable_surveys":false},"product_cat":[356,377],"product_tag":[],"class_list":{"0":"post-6261","1":"product","2":"type-product","3":"status-publish","4":"has-post-thumbnail","6":"product_cat-desayunos","7":"product_cat-tamales-y-humitas","9":"first","10":"instock","11":"purchasable","12":"product-type-variable"},"acf":[],"_links":{"self":[{"href":"https:\/\/pasteleriasanantonio.com\/programados\/index.php?rest_route=\/wp\/v2\/product\/6261"}],"collection":[{"href":"https:\/\/pasteleriasanantonio.com\/programados\/index.php?rest_route=\/wp\/v2\/product"}],"about":[{"href":"https:\/\/pasteleriasanantonio.com\/programados\/index.php?rest_route=\/wp\/v2\/types\/product"}],"wp:featuredmedia":[{"embeddable":true,"href":"https:\/\/pasteleriasanantonio.com\/programados\/index.php?rest_route=\/wp\/v2\/media\/5631"}],"wp:attachment":[{"href":"https:\/\/pasteleriasanantonio.com\/programados\/index.php?rest_route=%2Fwp%2Fv2%2Fmedia&parent=6261"}],"wp:term":[{"taxonomy":"product_cat","embeddable":true,"href":"https:\/\/pasteleriasanantonio.com\/programados\/index.php?rest_route=%2Fwp%2Fv2%2Fproduct_cat&post=6261"},{"taxonomy":"product_tag","embeddable":true,"href":"https:\/\/pasteleriasanantonio.com\/programados\/index.php?rest_route=%2Fwp%2Fv2%2Fproduct_tag&post=6261"}],"curies":[{"name":"wp","href":"https:\/\/api.w.org\/{rel}","templated":true}]}}