{"id":6343,"date":"2023-03-24T08:24:42","date_gmt":"2023-03-24T13:24:42","guid":{"rendered":"https:\/\/webpsa.online\/programados\/producto\/mazapan-surtido-caja-grande\/"},"modified":"2024-03-22T18:09:27","modified_gmt":"2024-03-22T23:09:27","slug":"mazapan-surtido-caja-grande","status":"publish","type":"product","link":"https:\/\/pasteleriasanantonio.com\/programados\/?product=mazapan-surtido-caja-grande","title":{"rendered":"Mazap\u00e1n Surtido (Caja Grande)"},"content":{"rendered":"","protected":false},"excerpt":{"rendered":"<p>Mazap\u00e1n cl\u00e1sico de formas surtidas (Caja 210g)<\/p>\n<p>Temperatura Ambiente<\/p>\n","protected":false},"featured_media":5766,"template":"","meta":{"om_disable_all_campaigns":false,"_monsterinsights_skip_tracking":false,"_monsterinsights_sitenote_active":false,"_monsterinsights_sitenote_note":"","_monsterinsights_sitenote_category":0,"_uf_show_specific_survey":0,"_uf_disable_surveys":false},"product_cat":[387],"product_tag":[],"class_list":{"0":"post-6343","1":"product","2":"type-product","3":"status-publish","4":"has-post-thumbnail","6":"product_cat-chocolates-mazapanes-y-galletas","8":"first","9":"instock","10":"purchasable","11":"product-type-simple"},"acf":[],"_links":{"self":[{"href":"https:\/\/pasteleriasanantonio.com\/programados\/index.php?rest_route=\/wp\/v2\/product\/6343"}],"collection":[{"href":"https:\/\/pasteleriasanantonio.com\/programados\/index.php?rest_route=\/wp\/v2\/product"}],"about":[{"href":"https:\/\/pasteleriasanantonio.com\/programados\/index.php?rest_route=\/wp\/v2\/types\/product"}],"wp:featuredmedia":[{"embeddable":true,"href":"https:\/\/pasteleriasanantonio.com\/programados\/index.php?rest_route=\/wp\/v2\/media\/5766"}],"wp:attachment":[{"href":"https:\/\/pasteleriasanantonio.com\/programados\/index.php?rest_route=%2Fwp%2Fv2%2Fmedia&parent=6343"}],"wp:term":[{"taxonomy":"product_cat","embeddable":true,"href":"https:\/\/pasteleriasanantonio.com\/programados\/index.php?rest_route=%2Fwp%2Fv2%2Fproduct_cat&post=6343"},{"taxonomy":"product_tag","embeddable":true,"href":"https:\/\/pasteleriasanantonio.com\/programados\/index.php?rest_route=%2Fwp%2Fv2%2Fproduct_tag&post=6343"}],"curies":[{"name":"wp","href":"https:\/\/api.w.org\/{rel}","templated":true}]}}