{"id":6353,"date":"2023-03-24T08:24:46","date_gmt":"2023-03-24T13:24:46","guid":{"rendered":"https:\/\/webpsa.online\/programados\/producto\/hojaldritos-con-ajonjoli-y-anis\/"},"modified":"2023-03-24T08:24:47","modified_gmt":"2023-03-24T13:24:47","slug":"hojaldritos-con-ajonjoli-y-anis","status":"publish","type":"product","link":"https:\/\/pasteleriasanantonio.com\/programados\/?product=hojaldritos-con-ajonjoli-y-anis","title":{"rendered":"Hojaldritos con Ajonjol\u00ed y An\u00eds"},"content":{"rendered":"","protected":false},"excerpt":{"rendered":"<p>Masa hojaldre, az\u00facar, an\u00eds y ajonjol\u00ed (Balde 250 g)<br \/>\nnTemperatura Ambiente<\/p>\n","protected":false},"featured_media":5786,"template":"","meta":{"om_disable_all_campaigns":false,"_monsterinsights_skip_tracking":false,"_monsterinsights_sitenote_active":false,"_monsterinsights_sitenote_note":"","_monsterinsights_sitenote_category":0,"_uf_show_specific_survey":0,"_uf_disable_surveys":false},"product_cat":[387],"product_tag":[],"class_list":{"0":"post-6353","1":"product","2":"type-product","3":"status-publish","4":"has-post-thumbnail","6":"product_cat-chocolates-mazapanes-y-galletas","8":"first","9":"instock","10":"purchasable","11":"product-type-simple"},"acf":[],"_links":{"self":[{"href":"https:\/\/pasteleriasanantonio.com\/programados\/index.php?rest_route=\/wp\/v2\/product\/6353"}],"collection":[{"href":"https:\/\/pasteleriasanantonio.com\/programados\/index.php?rest_route=\/wp\/v2\/product"}],"about":[{"href":"https:\/\/pasteleriasanantonio.com\/programados\/index.php?rest_route=\/wp\/v2\/types\/product"}],"wp:featuredmedia":[{"embeddable":true,"href":"https:\/\/pasteleriasanantonio.com\/programados\/index.php?rest_route=\/wp\/v2\/media\/5786"}],"wp:attachment":[{"href":"https:\/\/pasteleriasanantonio.com\/programados\/index.php?rest_route=%2Fwp%2Fv2%2Fmedia&parent=6353"}],"wp:term":[{"taxonomy":"product_cat","embeddable":true,"href":"https:\/\/pasteleriasanantonio.com\/programados\/index.php?rest_route=%2Fwp%2Fv2%2Fproduct_cat&post=6353"},{"taxonomy":"product_tag","embeddable":true,"href":"https:\/\/pasteleriasanantonio.com\/programados\/index.php?rest_route=%2Fwp%2Fv2%2Fproduct_tag&post=6353"}],"curies":[{"name":"wp","href":"https:\/\/api.w.org\/{rel}","templated":true}]}}