{"id":90257,"date":"2024-01-10T22:52:22","date_gmt":"2024-01-11T03:52:22","guid":{"rendered":"https:\/\/pasteleriasanantonio.com\/programados\/?post_type=product&#038;p=90257"},"modified":"2024-02-10T01:03:17","modified_gmt":"2024-02-10T06:03:17","slug":"te-dulce-con-leche-helado","status":"publish","type":"product","link":"https:\/\/pasteleriasanantonio.com\/programados\/?product=te-dulce-con-leche-helado","title":{"rendered":"T\u00e9 Dulce con Leche Helado"},"content":{"rendered":"","protected":false},"excerpt":{"rendered":"<p>T\u00e9 negro, leche a elecci\u00f3n, miel de abejas, canela en polvo y cubos de hielo.<\/p>\n","protected":false},"featured_media":90260,"template":"","meta":{"om_disable_all_campaigns":false,"_monsterinsights_skip_tracking":false,"_monsterinsights_sitenote_active":false,"_monsterinsights_sitenote_note":"","_monsterinsights_sitenote_category":0,"_uf_show_specific_survey":0,"_uf_disable_surveys":false},"product_cat":[369,411],"product_tag":[],"class_list":{"0":"post-90257","1":"product","2":"type-product","3":"status-publish","4":"has-post-thumbnail","6":"product_cat-jugos-y-bebidas","7":"product_cat-bebidas-frias","9":"first","10":"instock","11":"shipping-taxable","12":"purchasable","13":"product-type-simple"},"acf":[],"_links":{"self":[{"href":"https:\/\/pasteleriasanantonio.com\/programados\/index.php?rest_route=\/wp\/v2\/product\/90257"}],"collection":[{"href":"https:\/\/pasteleriasanantonio.com\/programados\/index.php?rest_route=\/wp\/v2\/product"}],"about":[{"href":"https:\/\/pasteleriasanantonio.com\/programados\/index.php?rest_route=\/wp\/v2\/types\/product"}],"wp:featuredmedia":[{"embeddable":true,"href":"https:\/\/pasteleriasanantonio.com\/programados\/index.php?rest_route=\/wp\/v2\/media\/90260"}],"wp:attachment":[{"href":"https:\/\/pasteleriasanantonio.com\/programados\/index.php?rest_route=%2Fwp%2Fv2%2Fmedia&parent=90257"}],"wp:term":[{"taxonomy":"product_cat","embeddable":true,"href":"https:\/\/pasteleriasanantonio.com\/programados\/index.php?rest_route=%2Fwp%2Fv2%2Fproduct_cat&post=90257"},{"taxonomy":"product_tag","embeddable":true,"href":"https:\/\/pasteleriasanantonio.com\/programados\/index.php?rest_route=%2Fwp%2Fv2%2Fproduct_tag&post=90257"}],"curies":[{"name":"wp","href":"https:\/\/api.w.org\/{rel}","templated":true}]}}