{"id":91885,"date":"2024-07-10T14:47:41","date_gmt":"2024-07-10T19:47:41","guid":{"rendered":"https:\/\/pasteleriasanantonio.com\/programados\/?post_type=product&#038;p=91885"},"modified":"2025-07-24T23:20:37","modified_gmt":"2025-07-25T04:20:37","slug":"avena-con-frutas","status":"publish","type":"product","link":"https:\/\/pasteleriasanantonio.com\/programados\/?product=avena-con-frutas","title":{"rendered":"Avena con Frutas"},"content":{"rendered":"","protected":false},"excerpt":{"rendered":"<p>Con ar\u00e1ndanos, fresas, pl\u00e1tano, semillas de ch\u00eda y miel de abejas.<\/p>\n","protected":false},"featured_media":91886,"template":"","meta":{"om_disable_all_campaigns":false,"_monsterinsights_skip_tracking":false,"_monsterinsights_sitenote_active":false,"_monsterinsights_sitenote_note":"","_monsterinsights_sitenote_category":0,"_uf_show_specific_survey":0,"_uf_disable_surveys":false},"product_cat":[356,357],"product_tag":[],"class_list":{"0":"post-91885","1":"product","2":"type-product","3":"status-publish","4":"has-post-thumbnail","6":"product_cat-desayunos","7":"product_cat-avenas-frutas","9":"first","10":"instock","11":"shipping-taxable","12":"purchasable","13":"product-type-simple"},"acf":[],"_links":{"self":[{"href":"https:\/\/pasteleriasanantonio.com\/programados\/index.php?rest_route=\/wp\/v2\/product\/91885"}],"collection":[{"href":"https:\/\/pasteleriasanantonio.com\/programados\/index.php?rest_route=\/wp\/v2\/product"}],"about":[{"href":"https:\/\/pasteleriasanantonio.com\/programados\/index.php?rest_route=\/wp\/v2\/types\/product"}],"wp:featuredmedia":[{"embeddable":true,"href":"https:\/\/pasteleriasanantonio.com\/programados\/index.php?rest_route=\/wp\/v2\/media\/91886"}],"wp:attachment":[{"href":"https:\/\/pasteleriasanantonio.com\/programados\/index.php?rest_route=%2Fwp%2Fv2%2Fmedia&parent=91885"}],"wp:term":[{"taxonomy":"product_cat","embeddable":true,"href":"https:\/\/pasteleriasanantonio.com\/programados\/index.php?rest_route=%2Fwp%2Fv2%2Fproduct_cat&post=91885"},{"taxonomy":"product_tag","embeddable":true,"href":"https:\/\/pasteleriasanantonio.com\/programados\/index.php?rest_route=%2Fwp%2Fv2%2Fproduct_tag&post=91885"}],"curies":[{"name":"wp","href":"https:\/\/api.w.org\/{rel}","templated":true}]}}