{"id":93177,"date":"2025-01-17T21:04:37","date_gmt":"2025-01-18T02:04:37","guid":{"rendered":"https:\/\/pasteleriasanantonio.com\/programados\/producto\/keke-ingles-porcion\/"},"modified":"2026-04-30T23:47:52","modified_gmt":"2026-05-01T04:47:52","slug":"keke-ingles-porcion","status":"publish","type":"product","link":"https:\/\/pasteleriasanantonio.com\/programados\/?product=keke-ingles-porcion","title":{"rendered":"Keke Ingl\u00e9s (porci\u00f3n)"},"content":{"rendered":"","protected":false},"excerpt":{"rendered":"<p>Pasta de keke ingl\u00e9s y fruta confitada.<\/p>\n","protected":false},"featured_media":93187,"template":"","meta":{"om_disable_all_campaigns":false,"_monsterinsights_skip_tracking":false,"_monsterinsights_sitenote_active":false,"_monsterinsights_sitenote_note":"","_monsterinsights_sitenote_category":0,"_uf_show_specific_survey":0,"_uf_disable_surveys":false},"product_cat":[352],"product_tag":[],"class_list":{"0":"post-93177","1":"product","2":"type-product","3":"status-publish","4":"has-post-thumbnail","6":"product_cat-en-porcion","8":"first","9":"instock","10":"purchasable","11":"product-type-simple"},"acf":[],"_links":{"self":[{"href":"https:\/\/pasteleriasanantonio.com\/programados\/index.php?rest_route=\/wp\/v2\/product\/93177"}],"collection":[{"href":"https:\/\/pasteleriasanantonio.com\/programados\/index.php?rest_route=\/wp\/v2\/product"}],"about":[{"href":"https:\/\/pasteleriasanantonio.com\/programados\/index.php?rest_route=\/wp\/v2\/types\/product"}],"wp:featuredmedia":[{"embeddable":true,"href":"https:\/\/pasteleriasanantonio.com\/programados\/index.php?rest_route=\/wp\/v2\/media\/93187"}],"wp:attachment":[{"href":"https:\/\/pasteleriasanantonio.com\/programados\/index.php?rest_route=%2Fwp%2Fv2%2Fmedia&parent=93177"}],"wp:term":[{"taxonomy":"product_cat","embeddable":true,"href":"https:\/\/pasteleriasanantonio.com\/programados\/index.php?rest_route=%2Fwp%2Fv2%2Fproduct_cat&post=93177"},{"taxonomy":"product_tag","embeddable":true,"href":"https:\/\/pasteleriasanantonio.com\/programados\/index.php?rest_route=%2Fwp%2Fv2%2Fproduct_tag&post=93177"}],"curies":[{"name":"wp","href":"https:\/\/api.w.org\/{rel}","templated":true}]}}