{"id":94773,"date":"2025-06-18T22:48:08","date_gmt":"2025-06-19T03:48:08","guid":{"rendered":"https:\/\/pasteleriasanantonio.com\/programados\/?post_type=product&#038;p=94773"},"modified":"2025-07-24T23:20:33","modified_gmt":"2025-07-25T04:20:33","slug":"pita-napoli","status":"publish","type":"product","link":"https:\/\/pasteleriasanantonio.com\/programados\/?product=pita-napoli","title":{"rendered":"Pita N\u00e1poli"},"content":{"rendered":"","protected":false},"excerpt":{"rendered":"<p>Pan \u00c1rabe Sash, Jam\u00f3n Ingl\u00e9s, Queso Mozarella, Queso Crema, Espinaca, Champi\u00f1ones, Albahaca, Pasta de Ajos Asados, Salsa de Tomate, Aceite de Oliva y Or\u00e9gano.<\/p>\n","protected":false},"featured_media":94775,"template":"","meta":{"om_disable_all_campaigns":false,"_monsterinsights_skip_tracking":false,"_monsterinsights_sitenote_active":false,"_monsterinsights_sitenote_note":"","_monsterinsights_sitenote_category":0,"_uf_show_specific_survey":0,"_uf_disable_surveys":false},"product_cat":[509],"product_tag":[],"class_list":{"0":"post-94773","1":"product","2":"type-product","3":"status-publish","4":"has-post-thumbnail","6":"product_cat-pitas","8":"first","9":"instock","10":"shipping-taxable","11":"purchasable","12":"product-type-simple"},"acf":[],"_links":{"self":[{"href":"https:\/\/pasteleriasanantonio.com\/programados\/index.php?rest_route=\/wp\/v2\/product\/94773"}],"collection":[{"href":"https:\/\/pasteleriasanantonio.com\/programados\/index.php?rest_route=\/wp\/v2\/product"}],"about":[{"href":"https:\/\/pasteleriasanantonio.com\/programados\/index.php?rest_route=\/wp\/v2\/types\/product"}],"wp:featuredmedia":[{"embeddable":true,"href":"https:\/\/pasteleriasanantonio.com\/programados\/index.php?rest_route=\/wp\/v2\/media\/94775"}],"wp:attachment":[{"href":"https:\/\/pasteleriasanantonio.com\/programados\/index.php?rest_route=%2Fwp%2Fv2%2Fmedia&parent=94773"}],"wp:term":[{"taxonomy":"product_cat","embeddable":true,"href":"https:\/\/pasteleriasanantonio.com\/programados\/index.php?rest_route=%2Fwp%2Fv2%2Fproduct_cat&post=94773"},{"taxonomy":"product_tag","embeddable":true,"href":"https:\/\/pasteleriasanantonio.com\/programados\/index.php?rest_route=%2Fwp%2Fv2%2Fproduct_tag&post=94773"}],"curies":[{"name":"wp","href":"https:\/\/api.w.org\/{rel}","templated":true}]}}