{"id":10219,"date":"2023-11-22T15:35:38","date_gmt":"2023-11-22T20:35:38","guid":{"rendered":"https:\/\/pasteleriasanantonio.com\/recibir-hoy\/?post_type=product&#038;p=10219"},"modified":"2025-09-22T23:41:48","modified_gmt":"2025-09-23T04:41:48","slug":"panqueques-con-frutas-2","status":"publish","type":"product","link":"https:\/\/pasteleriasanantonio.com\/recibir-hoy\/producto\/panqueques-con-frutas-2\/","title":{"rendered":"Panqueques con Frutas"},"content":{"rendered":"","protected":false},"excerpt":{"rendered":"<p>2 panqueques, frutas (fresas, ar\u00e1ndanos y pl\u00e1tanos) y topping a elecci\u00f3n (maple y mantequilla, fudge o manjar).<\/p>\n","protected":false},"featured_media":27995,"template":"","meta":{"om_disable_all_campaigns":false,"_monsterinsights_skip_tracking":false,"_monsterinsights_sitenote_active":false,"_monsterinsights_sitenote_note":"","_monsterinsights_sitenote_category":0,"_uf_show_specific_survey":0,"_uf_disable_surveys":false},"product_cat":[279,290],"product_tag":[],"class_list":["post-10219","product","type-product","status-publish","has-post-thumbnail","hentry","product_cat-desayunos","product_cat-waffles"],"acf":[],"_links":{"self":[{"href":"https:\/\/pasteleriasanantonio.com\/recibir-hoy\/wp-json\/wp\/v2\/product\/10219"}],"collection":[{"href":"https:\/\/pasteleriasanantonio.com\/recibir-hoy\/wp-json\/wp\/v2\/product"}],"about":[{"href":"https:\/\/pasteleriasanantonio.com\/recibir-hoy\/wp-json\/wp\/v2\/types\/product"}],"wp:featuredmedia":[{"embeddable":true,"href":"https:\/\/pasteleriasanantonio.com\/recibir-hoy\/wp-json\/wp\/v2\/media\/27995"}],"wp:attachment":[{"href":"https:\/\/pasteleriasanantonio.com\/recibir-hoy\/wp-json\/wp\/v2\/media?parent=10219"}],"wp:term":[{"taxonomy":"product_cat","embeddable":true,"href":"https:\/\/pasteleriasanantonio.com\/recibir-hoy\/wp-json\/wp\/v2\/product_cat?post=10219"},{"taxonomy":"product_tag","embeddable":true,"href":"https:\/\/pasteleriasanantonio.com\/recibir-hoy\/wp-json\/wp\/v2\/product_tag?post=10219"}],"curies":[{"name":"wp","href":"https:\/\/api.w.org\/{rel}","templated":true}]}}