{"id":19504,"date":"2024-11-14T11:46:46","date_gmt":"2024-11-14T16:46:46","guid":{"rendered":"https:\/\/pasteleriasanantonio.com\/recibir-hoy\/?post_type=product&#038;p=19504"},"modified":"2025-07-24T23:01:05","modified_gmt":"2025-07-25T04:01:05","slug":"termo-box","status":"publish","type":"product","link":"https:\/\/pasteleriasanantonio.com\/recibir-hoy\/producto\/termo-box\/","title":{"rendered":"Termo Box"},"content":{"rendered":"","protected":false},"excerpt":{"rendered":"<p>Caf\u00e9 Americano,12 vasos, removedores, sobres de az\u00facar rubia, az\u00facar blanca, Stevia y edulcorante.<\/p>\n","protected":false},"featured_media":19505,"template":"","meta":{"om_disable_all_campaigns":false,"_monsterinsights_skip_tracking":false,"_monsterinsights_sitenote_active":false,"_monsterinsights_sitenote_note":"","_monsterinsights_sitenote_category":0,"_uf_show_specific_survey":0,"_uf_disable_surveys":false},"product_cat":[387],"product_tag":[],"class_list":["post-19504","product","type-product","status-publish","has-post-thumbnail","hentry","product_cat-bebidas-calientes"],"acf":[],"_links":{"self":[{"href":"https:\/\/pasteleriasanantonio.com\/recibir-hoy\/wp-json\/wp\/v2\/product\/19504"}],"collection":[{"href":"https:\/\/pasteleriasanantonio.com\/recibir-hoy\/wp-json\/wp\/v2\/product"}],"about":[{"href":"https:\/\/pasteleriasanantonio.com\/recibir-hoy\/wp-json\/wp\/v2\/types\/product"}],"wp:featuredmedia":[{"embeddable":true,"href":"https:\/\/pasteleriasanantonio.com\/recibir-hoy\/wp-json\/wp\/v2\/media\/19505"}],"wp:attachment":[{"href":"https:\/\/pasteleriasanantonio.com\/recibir-hoy\/wp-json\/wp\/v2\/media?parent=19504"}],"wp:term":[{"taxonomy":"product_cat","embeddable":true,"href":"https:\/\/pasteleriasanantonio.com\/recibir-hoy\/wp-json\/wp\/v2\/product_cat?post=19504"},{"taxonomy":"product_tag","embeddable":true,"href":"https:\/\/pasteleriasanantonio.com\/recibir-hoy\/wp-json\/wp\/v2\/product_tag?post=19504"}],"curies":[{"name":"wp","href":"https:\/\/api.w.org\/{rel}","templated":true}]}}