{"id":25403,"date":"2025-06-18T22:43:11","date_gmt":"2025-06-19T03:43:11","guid":{"rendered":"https:\/\/pasteleriasanantonio.com\/recibir-hoy\/?post_type=product&#038;p=25403"},"modified":"2025-06-18T22:43:11","modified_gmt":"2025-06-19T03:43:11","slug":"pita-napoli","status":"publish","type":"product","link":"https:\/\/pasteleriasanantonio.com\/recibir-hoy\/producto\/pita-napoli\/","title":{"rendered":"Pita N\u00e1poli"},"content":{"rendered":"","protected":false},"excerpt":{"rendered":"<p>Pan \u00c1rabe Sash, Jam\u00f3n Ingl\u00e9s, Queso Mozarella, Queso Crema, Espinaca, Champi\u00f1ones, Albahaca, Pasta de Ajos Asados, Salsa de Tomate, Aceite de Oliva y Or\u00e9gano.<\/p>\n","protected":false},"featured_media":25404,"template":"","meta":{"om_disable_all_campaigns":false,"_monsterinsights_skip_tracking":false,"_monsterinsights_sitenote_active":false,"_monsterinsights_sitenote_note":"","_monsterinsights_sitenote_category":0,"_uf_show_specific_survey":0,"_uf_disable_surveys":false},"product_cat":[442],"product_tag":[],"class_list":["post-25403","product","type-product","status-publish","has-post-thumbnail","hentry","product_cat-pitas"],"acf":[],"_links":{"self":[{"href":"https:\/\/pasteleriasanantonio.com\/recibir-hoy\/wp-json\/wp\/v2\/product\/25403"}],"collection":[{"href":"https:\/\/pasteleriasanantonio.com\/recibir-hoy\/wp-json\/wp\/v2\/product"}],"about":[{"href":"https:\/\/pasteleriasanantonio.com\/recibir-hoy\/wp-json\/wp\/v2\/types\/product"}],"wp:featuredmedia":[{"embeddable":true,"href":"https:\/\/pasteleriasanantonio.com\/recibir-hoy\/wp-json\/wp\/v2\/media\/25404"}],"wp:attachment":[{"href":"https:\/\/pasteleriasanantonio.com\/recibir-hoy\/wp-json\/wp\/v2\/media?parent=25403"}],"wp:term":[{"taxonomy":"product_cat","embeddable":true,"href":"https:\/\/pasteleriasanantonio.com\/recibir-hoy\/wp-json\/wp\/v2\/product_cat?post=25403"},{"taxonomy":"product_tag","embeddable":true,"href":"https:\/\/pasteleriasanantonio.com\/recibir-hoy\/wp-json\/wp\/v2\/product_tag?post=25403"}],"curies":[{"name":"wp","href":"https:\/\/api.w.org\/{rel}","templated":true}]}}