{"id":29039,"date":"2025-11-03T09:15:16","date_gmt":"2025-11-03T14:15:16","guid":{"rendered":"https:\/\/pasteleriasanantonio.com\/recibir-hoy\/?post_type=product&#038;p=29039"},"modified":"2025-11-03T09:15:16","modified_gmt":"2025-11-03T14:15:16","slug":"aji-san-antonio","status":"publish","type":"product","link":"https:\/\/pasteleriasanantonio.com\/recibir-hoy\/producto\/aji-san-antonio\/","title":{"rendered":"Aj\u00ed San Antonio"},"content":{"rendered":"","protected":false},"excerpt":{"rendered":"<p>Salsa a base de rocoto y aj\u00ed amarillo (rocoto, aj\u00ed amarillo, mayonesa, mostaza y or\u00e9gano).<\/p>\n","protected":false},"featured_media":28904,"template":"","meta":{"om_disable_all_campaigns":false,"_monsterinsights_skip_tracking":false,"_monsterinsights_sitenote_active":false,"_monsterinsights_sitenote_note":"","_monsterinsights_sitenote_category":0,"_uf_show_specific_survey":0,"_uf_disable_surveys":false},"product_cat":[450],"product_tag":[],"class_list":["post-29039","product","type-product","status-publish","has-post-thumbnail","hentry","product_cat-adicionales"],"acf":[],"_links":{"self":[{"href":"https:\/\/pasteleriasanantonio.com\/recibir-hoy\/wp-json\/wp\/v2\/product\/29039"}],"collection":[{"href":"https:\/\/pasteleriasanantonio.com\/recibir-hoy\/wp-json\/wp\/v2\/product"}],"about":[{"href":"https:\/\/pasteleriasanantonio.com\/recibir-hoy\/wp-json\/wp\/v2\/types\/product"}],"wp:featuredmedia":[{"embeddable":true,"href":"https:\/\/pasteleriasanantonio.com\/recibir-hoy\/wp-json\/wp\/v2\/media\/28904"}],"wp:attachment":[{"href":"https:\/\/pasteleriasanantonio.com\/recibir-hoy\/wp-json\/wp\/v2\/media?parent=29039"}],"wp:term":[{"taxonomy":"product_cat","embeddable":true,"href":"https:\/\/pasteleriasanantonio.com\/recibir-hoy\/wp-json\/wp\/v2\/product_cat?post=29039"},{"taxonomy":"product_tag","embeddable":true,"href":"https:\/\/pasteleriasanantonio.com\/recibir-hoy\/wp-json\/wp\/v2\/product_tag?post=29039"}],"curies":[{"name":"wp","href":"https:\/\/api.w.org\/{rel}","templated":true}]}}