{"id":5170,"date":"2023-03-23T12:45:35","date_gmt":"2023-03-23T17:45:35","guid":{"rendered":"https:\/\/webpsa.online\/recibir-hoy\/club-sandwich\/"},"modified":"2023-09-14T10:38:17","modified_gmt":"2023-09-14T15:38:17","slug":"club-sandwich","status":"publish","type":"product","link":"https:\/\/pasteleriasanantonio.com\/recibir-hoy\/producto\/club-sandwich\/","title":{"rendered":"Club S\u00e1ndwich San Antonio"},"content":{"rendered":"","protected":false},"excerpt":{"rendered":"<p>Pechuga de pollo deshilachada, tocino, jam\u00f3n ingl\u00e9s, huevo frito a la inglesa, queso edam, champi\u00f1ones cocidos en aceite oliva, tomate, mantequilla y mayonesa. Pan Miga Blanco o Integral<br \/>\nnCaliente<\/p>\n","protected":false},"featured_media":4190,"template":"","meta":{"om_disable_all_campaigns":false,"_monsterinsights_skip_tracking":false,"_monsterinsights_sitenote_active":false,"_monsterinsights_sitenote_note":"","_monsterinsights_sitenote_category":0,"_uf_show_specific_survey":0,"_uf_disable_surveys":false},"product_cat":[277,278],"product_tag":[],"class_list":["post-5170","product","type-product","status-publish","has-post-thumbnail","hentry","product_cat-sandwiches","product_cat-a-la-plancha"],"acf":[],"_links":{"self":[{"href":"https:\/\/pasteleriasanantonio.com\/recibir-hoy\/wp-json\/wp\/v2\/product\/5170"}],"collection":[{"href":"https:\/\/pasteleriasanantonio.com\/recibir-hoy\/wp-json\/wp\/v2\/product"}],"about":[{"href":"https:\/\/pasteleriasanantonio.com\/recibir-hoy\/wp-json\/wp\/v2\/types\/product"}],"wp:featuredmedia":[{"embeddable":true,"href":"https:\/\/pasteleriasanantonio.com\/recibir-hoy\/wp-json\/wp\/v2\/media\/4190"}],"wp:attachment":[{"href":"https:\/\/pasteleriasanantonio.com\/recibir-hoy\/wp-json\/wp\/v2\/media?parent=5170"}],"wp:term":[{"taxonomy":"product_cat","embeddable":true,"href":"https:\/\/pasteleriasanantonio.com\/recibir-hoy\/wp-json\/wp\/v2\/product_cat?post=5170"},{"taxonomy":"product_tag","embeddable":true,"href":"https:\/\/pasteleriasanantonio.com\/recibir-hoy\/wp-json\/wp\/v2\/product_tag?post=5170"}],"curies":[{"name":"wp","href":"https:\/\/api.w.org\/{rel}","templated":true}]}}