{"id":5221,"date":"2023-03-23T12:45:42","date_gmt":"2023-03-23T17:45:42","guid":{"rendered":"https:\/\/webpsa.online\/recibir-hoy\/ensalada-de-atun-grande\/"},"modified":"2024-08-08T10:04:29","modified_gmt":"2024-08-08T15:04:29","slug":"ensalada-de-atun-grande","status":"publish","type":"product","link":"https:\/\/pasteleriasanantonio.com\/recibir-hoy\/producto\/ensalada-de-atun-grande\/","title":{"rendered":"Ensalada de At\u00fan"},"content":{"rendered":"","protected":false},"excerpt":{"rendered":"<p>Filete de at\u00fan en conserva, huevo duro, lechugas crespa y romana, espinaca, aceitunas verdes y botija, tomate y apio. Ali\u00f1o sugerido: Mayonesa Especial<\/p>\n<p>Refrigerado<\/p>\n","protected":false},"featured_media":10551,"template":"","meta":{"om_disable_all_campaigns":false,"_monsterinsights_skip_tracking":false,"_monsterinsights_sitenote_active":false,"_monsterinsights_sitenote_note":"","_monsterinsights_sitenote_category":0,"_uf_show_specific_survey":0,"_uf_disable_surveys":false},"product_cat":[285,286],"product_tag":[],"class_list":["post-5221","product","type-product","status-publish","has-post-thumbnail","hentry","product_cat-ensaladas-y-bowls","product_cat-ensaladas"],"acf":[],"_links":{"self":[{"href":"https:\/\/pasteleriasanantonio.com\/recibir-hoy\/wp-json\/wp\/v2\/product\/5221"}],"collection":[{"href":"https:\/\/pasteleriasanantonio.com\/recibir-hoy\/wp-json\/wp\/v2\/product"}],"about":[{"href":"https:\/\/pasteleriasanantonio.com\/recibir-hoy\/wp-json\/wp\/v2\/types\/product"}],"wp:featuredmedia":[{"embeddable":true,"href":"https:\/\/pasteleriasanantonio.com\/recibir-hoy\/wp-json\/wp\/v2\/media\/10551"}],"wp:attachment":[{"href":"https:\/\/pasteleriasanantonio.com\/recibir-hoy\/wp-json\/wp\/v2\/media?parent=5221"}],"wp:term":[{"taxonomy":"product_cat","embeddable":true,"href":"https:\/\/pasteleriasanantonio.com\/recibir-hoy\/wp-json\/wp\/v2\/product_cat?post=5221"},{"taxonomy":"product_tag","embeddable":true,"href":"https:\/\/pasteleriasanantonio.com\/recibir-hoy\/wp-json\/wp\/v2\/product_tag?post=5221"}],"curies":[{"name":"wp","href":"https:\/\/api.w.org\/{rel}","templated":true}]}}