{"id":5225,"date":"2023-03-23T12:45:42","date_gmt":"2023-03-23T17:45:42","guid":{"rendered":"https:\/\/webpsa.online\/recibir-hoy\/ensalada-padovana-grande\/"},"modified":"2025-11-20T10:18:26","modified_gmt":"2025-11-20T15:18:26","slug":"ensalada-padovana-grande","status":"publish","type":"product","link":"https:\/\/pasteleriasanantonio.com\/recibir-hoy\/producto\/ensalada-padovana-grande\/","title":{"rendered":"Ensalada Padovana"},"content":{"rendered":"","protected":false},"excerpt":{"rendered":"<p>Pechuga de pollo deshilachada, palta, lechugas crespa y romana, espinaca, champi\u00f1ones, alcachofa y esp\u00e1rragos. Ali\u00f1o sugerido: Mayonesa Especial<\/p>\n<p>Refrigerado<\/p>\n","protected":false},"featured_media":10784,"template":"","meta":{"om_disable_all_campaigns":false,"_monsterinsights_skip_tracking":false,"_monsterinsights_sitenote_active":false,"_monsterinsights_sitenote_note":"","_monsterinsights_sitenote_category":0,"_uf_show_specific_survey":0,"_uf_disable_surveys":false},"product_cat":[285,286],"product_tag":[],"class_list":["post-5225","product","type-product","status-publish","has-post-thumbnail","hentry","product_cat-ensaladas-y-bowls","product_cat-ensaladas"],"acf":[],"_links":{"self":[{"href":"https:\/\/pasteleriasanantonio.com\/recibir-hoy\/wp-json\/wp\/v2\/product\/5225"}],"collection":[{"href":"https:\/\/pasteleriasanantonio.com\/recibir-hoy\/wp-json\/wp\/v2\/product"}],"about":[{"href":"https:\/\/pasteleriasanantonio.com\/recibir-hoy\/wp-json\/wp\/v2\/types\/product"}],"wp:featuredmedia":[{"embeddable":true,"href":"https:\/\/pasteleriasanantonio.com\/recibir-hoy\/wp-json\/wp\/v2\/media\/10784"}],"wp:attachment":[{"href":"https:\/\/pasteleriasanantonio.com\/recibir-hoy\/wp-json\/wp\/v2\/media?parent=5225"}],"wp:term":[{"taxonomy":"product_cat","embeddable":true,"href":"https:\/\/pasteleriasanantonio.com\/recibir-hoy\/wp-json\/wp\/v2\/product_cat?post=5225"},{"taxonomy":"product_tag","embeddable":true,"href":"https:\/\/pasteleriasanantonio.com\/recibir-hoy\/wp-json\/wp\/v2\/product_tag?post=5225"}],"curies":[{"name":"wp","href":"https:\/\/api.w.org\/{rel}","templated":true}]}}