{"id":5230,"date":"2023-03-23T12:45:45","date_gmt":"2023-03-23T17:45:45","guid":{"rendered":"https:\/\/webpsa.online\/recibir-hoy\/bowl-asiatico\/"},"modified":"2026-04-27T06:27:17","modified_gmt":"2026-04-27T11:27:17","slug":"bowl-asiatico","status":"publish","type":"product","link":"https:\/\/pasteleriasanantonio.com\/recibir-hoy\/producto\/bowl-asiatico\/","title":{"rendered":"Bowl Asi\u00e1tico"},"content":{"rendered":"","protected":false},"excerpt":{"rendered":"<p>Quinua tricolor, palta, pollo teriyaki, pimiento, pepinillo japon\u00e9s, hierbabuena, culantro, ajonjol\u00ed negro. Ali\u00f1o sugerido: Bals\u00e1mico Cremoso<\/p>\n","protected":false},"featured_media":5231,"template":"","meta":{"om_disable_all_campaigns":false,"_monsterinsights_skip_tracking":false,"_monsterinsights_sitenote_active":false,"_monsterinsights_sitenote_note":"","_monsterinsights_sitenote_category":0,"_uf_show_specific_survey":0,"_uf_disable_surveys":false},"product_cat":[285,287],"product_tag":[],"class_list":["post-5230","product","type-product","status-publish","has-post-thumbnail","hentry","product_cat-ensaladas-y-bowls","product_cat-bowls"],"acf":[],"_links":{"self":[{"href":"https:\/\/pasteleriasanantonio.com\/recibir-hoy\/wp-json\/wp\/v2\/product\/5230"}],"collection":[{"href":"https:\/\/pasteleriasanantonio.com\/recibir-hoy\/wp-json\/wp\/v2\/product"}],"about":[{"href":"https:\/\/pasteleriasanantonio.com\/recibir-hoy\/wp-json\/wp\/v2\/types\/product"}],"wp:featuredmedia":[{"embeddable":true,"href":"https:\/\/pasteleriasanantonio.com\/recibir-hoy\/wp-json\/wp\/v2\/media\/5231"}],"wp:attachment":[{"href":"https:\/\/pasteleriasanantonio.com\/recibir-hoy\/wp-json\/wp\/v2\/media?parent=5230"}],"wp:term":[{"taxonomy":"product_cat","embeddable":true,"href":"https:\/\/pasteleriasanantonio.com\/recibir-hoy\/wp-json\/wp\/v2\/product_cat?post=5230"},{"taxonomy":"product_tag","embeddable":true,"href":"https:\/\/pasteleriasanantonio.com\/recibir-hoy\/wp-json\/wp\/v2\/product_tag?post=5230"}],"curies":[{"name":"wp","href":"https:\/\/api.w.org\/{rel}","templated":true}]}}