{"id":5258,"date":"2023-03-23T12:45:49","date_gmt":"2023-03-23T17:45:49","guid":{"rendered":"https:\/\/webpsa.online\/recibir-hoy\/san-antonio-espiga-blanco-con-chia\/"},"modified":"2024-03-27T21:41:29","modified_gmt":"2024-03-28T02:41:29","slug":"san-antonio-espiga-blanco-con-chia","status":"publish","type":"product","link":"https:\/\/pasteleriasanantonio.com\/recibir-hoy\/producto\/san-antonio-espiga-blanco-con-chia\/","title":{"rendered":"San Antonio (Espiga Blanco con Ch\u00eda)"},"content":{"rendered":"","protected":false},"excerpt":{"rendered":"<p>Tortilla a la francesa, jam\u00f3n ingl\u00e9s, quesos crema y edam, tomate y crema de palta.<br \/>\nnRefrigerado<\/p>\n","protected":false},"featured_media":4340,"template":"","meta":{"om_disable_all_campaigns":false,"_monsterinsights_skip_tracking":false,"_monsterinsights_sitenote_active":false,"_monsterinsights_sitenote_note":"","_monsterinsights_sitenote_category":0,"_uf_show_specific_survey":0,"_uf_disable_surveys":false},"product_cat":[277,288],"product_tag":[],"class_list":["post-5258","product","type-product","status-publish","has-post-thumbnail","hentry","product_cat-sandwiches","product_cat-entrepanes"],"acf":[],"_links":{"self":[{"href":"https:\/\/pasteleriasanantonio.com\/recibir-hoy\/wp-json\/wp\/v2\/product\/5258"}],"collection":[{"href":"https:\/\/pasteleriasanantonio.com\/recibir-hoy\/wp-json\/wp\/v2\/product"}],"about":[{"href":"https:\/\/pasteleriasanantonio.com\/recibir-hoy\/wp-json\/wp\/v2\/types\/product"}],"wp:featuredmedia":[{"embeddable":true,"href":"https:\/\/pasteleriasanantonio.com\/recibir-hoy\/wp-json\/wp\/v2\/media\/4340"}],"wp:attachment":[{"href":"https:\/\/pasteleriasanantonio.com\/recibir-hoy\/wp-json\/wp\/v2\/media?parent=5258"}],"wp:term":[{"taxonomy":"product_cat","embeddable":true,"href":"https:\/\/pasteleriasanantonio.com\/recibir-hoy\/wp-json\/wp\/v2\/product_cat?post=5258"},{"taxonomy":"product_tag","embeddable":true,"href":"https:\/\/pasteleriasanantonio.com\/recibir-hoy\/wp-json\/wp\/v2\/product_tag?post=5258"}],"curies":[{"name":"wp","href":"https:\/\/api.w.org\/{rel}","templated":true}]}}