{"id":5285,"date":"2023-03-23T12:45:53","date_gmt":"2023-03-23T17:45:53","guid":{"rendered":"https:\/\/webpsa.online\/recibir-hoy\/revueltos-a-pedido-jamon-ingles\/"},"modified":"2024-04-25T10:16:03","modified_gmt":"2024-04-25T15:16:03","slug":"revueltos-a-pedido-jamon-ingles","status":"publish","type":"product","link":"https:\/\/pasteleriasanantonio.com\/recibir-hoy\/producto\/revueltos-a-pedido-jamon-ingles\/","title":{"rendered":"Revueltos Especiales (Jam\u00f3n Ingl\u00e9s)"},"content":{"rendered":"","protected":false},"excerpt":{"rendered":"<p>Tres huevos, jam\u00f3n ingl\u00e9s, tostadas de pan miga y mantequilla.<\/p>\n<p>Caliente<\/p>\n<p>Imagen referencial<\/p>\n","protected":false},"featured_media":12506,"template":"","meta":{"om_disable_all_campaigns":false,"_monsterinsights_skip_tracking":false,"_monsterinsights_sitenote_active":false,"_monsterinsights_sitenote_note":"","_monsterinsights_sitenote_category":0,"_uf_show_specific_survey":0,"_uf_disable_surveys":false},"product_cat":[279,291],"product_tag":[],"class_list":["post-5285","product","type-product","status-publish","has-post-thumbnail","hentry","product_cat-desayunos","product_cat-huevos"],"acf":[],"_links":{"self":[{"href":"https:\/\/pasteleriasanantonio.com\/recibir-hoy\/wp-json\/wp\/v2\/product\/5285"}],"collection":[{"href":"https:\/\/pasteleriasanantonio.com\/recibir-hoy\/wp-json\/wp\/v2\/product"}],"about":[{"href":"https:\/\/pasteleriasanantonio.com\/recibir-hoy\/wp-json\/wp\/v2\/types\/product"}],"wp:featuredmedia":[{"embeddable":true,"href":"https:\/\/pasteleriasanantonio.com\/recibir-hoy\/wp-json\/wp\/v2\/media\/12506"}],"wp:attachment":[{"href":"https:\/\/pasteleriasanantonio.com\/recibir-hoy\/wp-json\/wp\/v2\/media?parent=5285"}],"wp:term":[{"taxonomy":"product_cat","embeddable":true,"href":"https:\/\/pasteleriasanantonio.com\/recibir-hoy\/wp-json\/wp\/v2\/product_cat?post=5285"},{"taxonomy":"product_tag","embeddable":true,"href":"https:\/\/pasteleriasanantonio.com\/recibir-hoy\/wp-json\/wp\/v2\/product_tag?post=5285"}],"curies":[{"name":"wp","href":"https:\/\/api.w.org\/{rel}","templated":true}]}}