{"id":5311,"date":"2023-03-23T12:45:56","date_gmt":"2023-03-23T17:45:56","guid":{"rendered":"https:\/\/webpsa.online\/recibir-hoy\/pastel-de-choclo-con-carne-porcion\/"},"modified":"2025-07-08T23:22:19","modified_gmt":"2025-07-09T04:22:19","slug":"pastel-de-choclo-con-carne-porcion","status":"publish","type":"product","link":"https:\/\/pasteleriasanantonio.com\/recibir-hoy\/producto\/pastel-de-choclo-con-carne-porcion\/","title":{"rendered":"Pastel de Choclo con Carne (Porci\u00f3n)"},"content":{"rendered":"","protected":false},"excerpt":{"rendered":"<p>Pastel de choclo con aj\u00ed amarillo, relleno de carne San Antonio, huevo, leche, aceitunas verdes y botija y pasas (Porci\u00f3n). (Caliente)<\/p>\n","protected":false},"featured_media":4428,"template":"","meta":{"om_disable_all_campaigns":false,"_monsterinsights_skip_tracking":false,"_monsterinsights_sitenote_active":false,"_monsterinsights_sitenote_note":"","_monsterinsights_sitenote_category":0,"_uf_show_specific_survey":0,"_uf_disable_surveys":false},"product_cat":[283,296],"product_tag":[],"class_list":["post-5311","product","type-product","status-publish","has-post-thumbnail","hentry","product_cat-empanadas-y-pasteles-salados","product_cat-pasteles-salados"],"acf":[],"_links":{"self":[{"href":"https:\/\/pasteleriasanantonio.com\/recibir-hoy\/wp-json\/wp\/v2\/product\/5311"}],"collection":[{"href":"https:\/\/pasteleriasanantonio.com\/recibir-hoy\/wp-json\/wp\/v2\/product"}],"about":[{"href":"https:\/\/pasteleriasanantonio.com\/recibir-hoy\/wp-json\/wp\/v2\/types\/product"}],"wp:featuredmedia":[{"embeddable":true,"href":"https:\/\/pasteleriasanantonio.com\/recibir-hoy\/wp-json\/wp\/v2\/media\/4428"}],"wp:attachment":[{"href":"https:\/\/pasteleriasanantonio.com\/recibir-hoy\/wp-json\/wp\/v2\/media?parent=5311"}],"wp:term":[{"taxonomy":"product_cat","embeddable":true,"href":"https:\/\/pasteleriasanantonio.com\/recibir-hoy\/wp-json\/wp\/v2\/product_cat?post=5311"},{"taxonomy":"product_tag","embeddable":true,"href":"https:\/\/pasteleriasanantonio.com\/recibir-hoy\/wp-json\/wp\/v2\/product_tag?post=5311"}],"curies":[{"name":"wp","href":"https:\/\/api.w.org\/{rel}","templated":true}]}}