{"id":5319,"date":"2023-03-23T12:46:00","date_gmt":"2023-03-23T17:46:00","guid":{"rendered":"https:\/\/webpsa.online\/recibir-hoy\/pizza-hawaiana-masa-de-pizza\/"},"modified":"2024-10-04T13:01:36","modified_gmt":"2024-10-04T18:01:36","slug":"pizza-hawaiana-masa-de-pizza","status":"publish","type":"product","link":"https:\/\/pasteleriasanantonio.com\/recibir-hoy\/producto\/pizza-hawaiana-masa-de-pizza\/","title":{"rendered":"Pizza Hawaiana (Masa de Pizza)"},"content":{"rendered":"","protected":false},"excerpt":{"rendered":"<p>Jam\u00f3n ingl\u00e9s, pi\u00f1a al jugo, quesos mozarella y parmesano, salsa de tomate y or\u00e9gano<\/p>\n","protected":false},"featured_media":4443,"template":"","meta":{"om_disable_all_campaigns":false,"_monsterinsights_skip_tracking":false,"_monsterinsights_sitenote_active":false,"_monsterinsights_sitenote_note":"","_monsterinsights_sitenote_category":0,"_uf_show_specific_survey":0,"_uf_disable_surveys":false},"product_cat":[281,297],"product_tag":[],"class_list":["post-5319","product","type-product","status-publish","has-post-thumbnail","hentry","product_cat-pizzas-lasagnas-y-cremas","product_cat-pizzas"],"acf":[],"_links":{"self":[{"href":"https:\/\/pasteleriasanantonio.com\/recibir-hoy\/wp-json\/wp\/v2\/product\/5319"}],"collection":[{"href":"https:\/\/pasteleriasanantonio.com\/recibir-hoy\/wp-json\/wp\/v2\/product"}],"about":[{"href":"https:\/\/pasteleriasanantonio.com\/recibir-hoy\/wp-json\/wp\/v2\/types\/product"}],"wp:featuredmedia":[{"embeddable":true,"href":"https:\/\/pasteleriasanantonio.com\/recibir-hoy\/wp-json\/wp\/v2\/media\/4443"}],"wp:attachment":[{"href":"https:\/\/pasteleriasanantonio.com\/recibir-hoy\/wp-json\/wp\/v2\/media?parent=5319"}],"wp:term":[{"taxonomy":"product_cat","embeddable":true,"href":"https:\/\/pasteleriasanantonio.com\/recibir-hoy\/wp-json\/wp\/v2\/product_cat?post=5319"},{"taxonomy":"product_tag","embeddable":true,"href":"https:\/\/pasteleriasanantonio.com\/recibir-hoy\/wp-json\/wp\/v2\/product_tag?post=5319"}],"curies":[{"name":"wp","href":"https:\/\/api.w.org\/{rel}","templated":true}]}}