{"id":5332,"date":"2023-03-23T12:46:03","date_gmt":"2023-03-23T17:46:03","guid":{"rendered":"https:\/\/webpsa.online\/recibir-hoy\/tamal-de-cerdo\/"},"modified":"2025-07-02T23:37:33","modified_gmt":"2025-07-03T04:37:33","slug":"tamal-de-cerdo","status":"publish","type":"product","link":"https:\/\/pasteleriasanantonio.com\/recibir-hoy\/producto\/tamal-de-cerdo\/","title":{"rendered":"Tamal de Cerdo"},"content":{"rendered":"","protected":false},"excerpt":{"rendered":"<p>Con pasta de ma\u00edz, ajonjol\u00ed, man\u00ed, aceite de achiote, aceituna botija y aj\u00ed mirasol.<\/p>\n","protected":false},"featured_media":4469,"template":"","meta":{"om_disable_all_campaigns":false,"_monsterinsights_skip_tracking":false,"_monsterinsights_sitenote_active":false,"_monsterinsights_sitenote_note":"","_monsterinsights_sitenote_category":0,"_uf_show_specific_survey":0,"_uf_disable_surveys":false},"product_cat":[279,300],"product_tag":[],"class_list":["post-5332","product","type-product","status-publish","has-post-thumbnail","hentry","product_cat-desayunos","product_cat-tamales-y-humitas"],"acf":[],"_links":{"self":[{"href":"https:\/\/pasteleriasanantonio.com\/recibir-hoy\/wp-json\/wp\/v2\/product\/5332"}],"collection":[{"href":"https:\/\/pasteleriasanantonio.com\/recibir-hoy\/wp-json\/wp\/v2\/product"}],"about":[{"href":"https:\/\/pasteleriasanantonio.com\/recibir-hoy\/wp-json\/wp\/v2\/types\/product"}],"wp:featuredmedia":[{"embeddable":true,"href":"https:\/\/pasteleriasanantonio.com\/recibir-hoy\/wp-json\/wp\/v2\/media\/4469"}],"wp:attachment":[{"href":"https:\/\/pasteleriasanantonio.com\/recibir-hoy\/wp-json\/wp\/v2\/media?parent=5332"}],"wp:term":[{"taxonomy":"product_cat","embeddable":true,"href":"https:\/\/pasteleriasanantonio.com\/recibir-hoy\/wp-json\/wp\/v2\/product_cat?post=5332"},{"taxonomy":"product_tag","embeddable":true,"href":"https:\/\/pasteleriasanantonio.com\/recibir-hoy\/wp-json\/wp\/v2\/product_tag?post=5332"}],"curies":[{"name":"wp","href":"https:\/\/api.w.org\/{rel}","templated":true}]}}