{"id":5411,"date":"2023-03-23T12:46:15","date_gmt":"2023-03-23T17:46:15","guid":{"rendered":"https:\/\/webpsa.online\/recibir-hoy\/mazapan-surtido-caja-pequena\/"},"modified":"2024-08-09T15:26:56","modified_gmt":"2024-08-09T20:26:56","slug":"mazapan-surtido-caja-pequena","status":"publish","type":"product","link":"https:\/\/pasteleriasanantonio.com\/recibir-hoy\/producto\/mazapan-surtido-caja-pequena\/","title":{"rendered":"Mazap\u00e1n Surtido (Caja Peque\u00f1a)"},"content":{"rendered":"","protected":false},"excerpt":{"rendered":"<p>Mazap\u00e1n cl\u00e1sico de formas surtidas (Caja 110g)<\/p>\n<p>Temperatura Ambiente<\/p>\n","protected":false},"featured_media":6994,"template":"","meta":{"om_disable_all_campaigns":false,"_monsterinsights_skip_tracking":false,"_monsterinsights_sitenote_active":false,"_monsterinsights_sitenote_note":"","_monsterinsights_sitenote_category":0,"_uf_show_specific_survey":0,"_uf_disable_surveys":false},"product_cat":[310],"product_tag":[],"class_list":["post-5411","product","type-product","status-publish","has-post-thumbnail","hentry","product_cat-chocolates-mazapanes-y-galletas"],"acf":[],"_links":{"self":[{"href":"https:\/\/pasteleriasanantonio.com\/recibir-hoy\/wp-json\/wp\/v2\/product\/5411"}],"collection":[{"href":"https:\/\/pasteleriasanantonio.com\/recibir-hoy\/wp-json\/wp\/v2\/product"}],"about":[{"href":"https:\/\/pasteleriasanantonio.com\/recibir-hoy\/wp-json\/wp\/v2\/types\/product"}],"wp:featuredmedia":[{"embeddable":true,"href":"https:\/\/pasteleriasanantonio.com\/recibir-hoy\/wp-json\/wp\/v2\/media\/6994"}],"wp:attachment":[{"href":"https:\/\/pasteleriasanantonio.com\/recibir-hoy\/wp-json\/wp\/v2\/media?parent=5411"}],"wp:term":[{"taxonomy":"product_cat","embeddable":true,"href":"https:\/\/pasteleriasanantonio.com\/recibir-hoy\/wp-json\/wp\/v2\/product_cat?post=5411"},{"taxonomy":"product_tag","embeddable":true,"href":"https:\/\/pasteleriasanantonio.com\/recibir-hoy\/wp-json\/wp\/v2\/product_tag?post=5411"}],"curies":[{"name":"wp","href":"https:\/\/api.w.org\/{rel}","templated":true}]}}