{"id":6682,"date":"2023-08-17T21:19:18","date_gmt":"2023-08-18T02:19:18","guid":{"rendered":"https:\/\/pasteleriasanantonio.com\/recibir-hoy\/?post_type=product&#038;p=6682"},"modified":"2025-09-18T05:13:44","modified_gmt":"2025-09-18T10:13:44","slug":"panqueques-con-frutas","status":"publish","type":"product","link":"https:\/\/pasteleriasanantonio.com\/recibir-hoy\/producto\/panqueques-con-frutas\/","title":{"rendered":"Panqueques con Frutas (Estrella)"},"content":{"rendered":"","protected":false},"excerpt":{"rendered":"<p>4 panqueques, frutas (fresa, ar\u00e1ndano, y pl\u00e1tano) y topping a elecci\u00f3n (maple y mantequilla, fudge o manjar)<\/p>\n","protected":false},"featured_media":6685,"template":"","meta":{"om_disable_all_campaigns":false,"_monsterinsights_skip_tracking":false,"_monsterinsights_sitenote_active":false,"_monsterinsights_sitenote_note":"","_monsterinsights_sitenote_category":0,"_uf_show_specific_survey":0,"_uf_disable_surveys":false},"product_cat":[289],"product_tag":[],"class_list":["post-6682","product","type-product","status-publish","has-post-thumbnail","hentry","product_cat-especial-para-ninos"],"acf":[],"_links":{"self":[{"href":"https:\/\/pasteleriasanantonio.com\/recibir-hoy\/wp-json\/wp\/v2\/product\/6682"}],"collection":[{"href":"https:\/\/pasteleriasanantonio.com\/recibir-hoy\/wp-json\/wp\/v2\/product"}],"about":[{"href":"https:\/\/pasteleriasanantonio.com\/recibir-hoy\/wp-json\/wp\/v2\/types\/product"}],"wp:featuredmedia":[{"embeddable":true,"href":"https:\/\/pasteleriasanantonio.com\/recibir-hoy\/wp-json\/wp\/v2\/media\/6685"}],"wp:attachment":[{"href":"https:\/\/pasteleriasanantonio.com\/recibir-hoy\/wp-json\/wp\/v2\/media?parent=6682"}],"wp:term":[{"taxonomy":"product_cat","embeddable":true,"href":"https:\/\/pasteleriasanantonio.com\/recibir-hoy\/wp-json\/wp\/v2\/product_cat?post=6682"},{"taxonomy":"product_tag","embeddable":true,"href":"https:\/\/pasteleriasanantonio.com\/recibir-hoy\/wp-json\/wp\/v2\/product_tag?post=6682"}],"curies":[{"name":"wp","href":"https:\/\/api.w.org\/{rel}","templated":true}]}}